{"id":135,"date":"2018-06-21T11:19:07","date_gmt":"2018-06-21T09:19:07","guid":{"rendered":"http:\/\/www.zabawki.gorlice.pl\/?page_id=135"},"modified":"2018-07-04T13:23:00","modified_gmt":"2018-07-04T11:23:00","slug":"maty-gimnastyczne","status":"publish","type":"page","link":"http:\/\/www.zabawki.gorlice.pl\/index.php\/maty-gimnastyczne\/","title":{"rendered":"Maty edukacyjne"},"content":{"rendered":"<p style=\"text-align: justify;\">Mata edukacyjna dla wymagaj\u0105cych. Dziecko przez zabaw\u0119 rozwija swoje zmys\u0142y, \u0107wiczy koordynacj\u0119 i zdolno\u015bci manualne, dlatego ju\u017c od najm\u0142odszych lat trzeba zatroszczy\u0107 si\u0119 o odpowiednie zabawki. Bardzo wszechstronna jest mata edukacyjna dla najm\u0142odszych, kt\u00f3ra ro\u015bnie razem z dzieckiem. Poni\u017cej kilka przyk\u0142ad\u00f3w takich zabawek, kt\u00f3re pomagaj\u0105 dzieciom w prawid\u0142owym rozwoju i zapewniaj\u0105 zaj\u0119cie na d\u0142ugi czas. Maty edukacyjne s\u0105 bardzo przydatnymi zabawkami. Z jednej strony pozwalaj\u0105 wspom\u00f3c rozw\u00f3j dziecka, z drugiej \u2013 zach\u0119caj\u0105 do zabawy. Po z\u0142o\u017ceniu nie zajmuj\u0105 wiele miejsca, a gdy maluch wyro\u015bnie z nich lub znudzi si\u0119, mo\u017cna j\u0105 zwin\u0105\u0107 i schowa\u0107. Idealnie nadaj\u0105 si\u0119 na prezent z okazji narodzin i chrzcin.<\/p>\n<p style=\"text-align: justify;\">Maty edukacyjne coraz cz\u0119\u015bciej s\u0105 dopisywane do listy z wyprawk\u0105 dla noworodka. S\u0105 doskona\u0142ym pomys\u0142em na prezent i sprawdz\u0105 si\u0119 zar\u00f3wno dla niemowlaka, jak i maluszka. Je\u015bli chcesz, aby pos\u0142u\u017cy\u0142y na d\u0142ugo i gwarantowa\u0142y dziecku szereg atrakcji na r\u00f3\u017cnych etapach rozwoju, warto zainwestowa\u0107 w dro\u017csze maty. Maty Tiny Love ciesz\u0105 si\u0119 du\u017cym zainteresowaniem, poniewa\u017c pozwalaj\u0105 na wiele rodzaj\u00f3w zabaw, kt\u00f3re zmieniaj\u0105 si\u0119 wraz z wiekiem dziecka. Seria jest polecana niemowl\u0119tom i dzieciom do 2., a nawet 3. roku \u017cycia. Mata ma pa\u0142\u0105ki z zabawnymi zawieszkami, du\u017ce plastikowe lusterko i dodatkowy element do kopania w niego n\u00f3\u017ckami. Sprawdzi si\u0119 zar\u00f3wno dla aktywnych niemowl\u0105t, jak i tych, kt\u00f3re potrzebuj\u0105 odrobiny motywacji do przekr\u0119cania si\u0119 i si\u0119gania. Dzi\u0119ki atrakcyjnym kolorom i obrazkom mata zach\u0119ca do unoszenia g\u0142\u00f3wki, r\u0105czek i n\u00f3\u017cek, stymuluje zmys\u0142y i wspomaga motoryczny rozw\u00f3j dziecka.<\/p>\n","protected":false},"excerpt":{"rendered":"<p>Mata edukacyjna dla wymagaj\u0105cych. Dziecko przez zabaw\u0119 rozwija swoje zmys\u0142y, \u0107wiczy koordynacj\u0119 i zdolno\u015bci manualne, dlatego ju\u017c od najm\u0142odszych lat trzeba zatroszczy\u0107 si\u0119 o odpowiednie zabawki.<span class=\"excerpt-hellip\"> [\u2026]<\/span><\/p>\n","protected":false},"author":1,"featured_media":0,"parent":0,"menu_order":0,"comment_status":"closed","ping_status":"closed","template":"","meta":[],"_links":{"self":[{"href":"http:\/\/www.zabawki.gorlice.pl\/index.php\/wp-json\/wp\/v2\/pages\/135"}],"collection":[{"href":"http:\/\/www.zabawki.gorlice.pl\/index.php\/wp-json\/wp\/v2\/pages"}],"about":[{"href":"http:\/\/www.zabawki.gorlice.pl\/index.php\/wp-json\/wp\/v2\/types\/page"}],"author":[{"embeddable":true,"href":"http:\/\/www.zabawki.gorlice.pl\/index.php\/wp-json\/wp\/v2\/users\/1"}],"replies":[{"embeddable":true,"href":"http:\/\/www.zabawki.gorlice.pl\/index.php\/wp-json\/wp\/v2\/comments?post=135"}],"version-history":[{"count":6,"href":"http:\/\/www.zabawki.gorlice.pl\/index.php\/wp-json\/wp\/v2\/pages\/135\/revisions"}],"predecessor-version":[{"id":856,"href":"http:\/\/www.zabawki.gorlice.pl\/index.php\/wp-json\/wp\/v2\/pages\/135\/revisions\/856"}],"wp:attachment":[{"href":"http:\/\/www.zabawki.gorlice.pl\/index.php\/wp-json\/wp\/v2\/media?parent=135"}],"curies":[{"name":"wp","href":"https:\/\/api.w.org\/{rel}","templated":true}]}}