{"id":251,"date":"2018-06-21T18:08:20","date_gmt":"2018-06-21T16:08:20","guid":{"rendered":"http:\/\/www.zabawki.gorlice.pl\/?page_id=251"},"modified":"2018-06-21T18:09:00","modified_gmt":"2018-06-21T16:09:00","slug":"lezaczek-krzeselko-3w1-close-to-me-luxe","status":"publish","type":"page","link":"http:\/\/www.zabawki.gorlice.pl\/index.php\/lezaczek-krzeselko-3w1-close-to-me-luxe\/","title":{"rendered":"Le\u017caczek &#8211; krzese\u0142ko 3w1 Close to Me &#8211; Luxe"},"content":{"rendered":"<p>&nbsp;<\/p>\n<div class=\"content_slider \"><ul class=\"content_slider_ul\"><li class=\"content_slider_li_1\"><img width=\"580\" height=\"350\" src=\"http:\/\/www.zabawki.gorlice.pl\/wp-content\/uploads\/2018\/06\/lez_close_lux_1.jpg\" class=\"scale-with-grid wp-post-image\" alt=\"\" loading=\"lazy\" srcset=\"http:\/\/www.zabawki.gorlice.pl\/wp-content\/uploads\/2018\/06\/lez_close_lux_1.jpg 580w, http:\/\/www.zabawki.gorlice.pl\/wp-content\/uploads\/2018\/06\/lez_close_lux_1-300x181.jpg 300w, http:\/\/www.zabawki.gorlice.pl\/wp-content\/uploads\/2018\/06\/lez_close_lux_1-242x146.jpg 242w, http:\/\/www.zabawki.gorlice.pl\/wp-content\/uploads\/2018\/06\/lez_close_lux_1-50x30.jpg 50w, http:\/\/www.zabawki.gorlice.pl\/wp-content\/uploads\/2018\/06\/lez_close_lux_1-124x75.jpg 124w\" sizes=\"(max-width: 580px) 100vw, 580px\" \/><\/li><li class=\"content_slider_li_2\"><img width=\"580\" height=\"350\" src=\"http:\/\/www.zabawki.gorlice.pl\/wp-content\/uploads\/2018\/06\/lez_close_lux_2.jpg\" class=\"scale-with-grid wp-post-image\" alt=\"\" loading=\"lazy\" srcset=\"http:\/\/www.zabawki.gorlice.pl\/wp-content\/uploads\/2018\/06\/lez_close_lux_2.jpg 580w, http:\/\/www.zabawki.gorlice.pl\/wp-content\/uploads\/2018\/06\/lez_close_lux_2-300x181.jpg 300w, http:\/\/www.zabawki.gorlice.pl\/wp-content\/uploads\/2018\/06\/lez_close_lux_2-242x146.jpg 242w, http:\/\/www.zabawki.gorlice.pl\/wp-content\/uploads\/2018\/06\/lez_close_lux_2-50x30.jpg 50w, http:\/\/www.zabawki.gorlice.pl\/wp-content\/uploads\/2018\/06\/lez_close_lux_2-124x75.jpg 124w\" sizes=\"(max-width: 580px) 100vw, 580px\" \/><\/li><li class=\"content_slider_li_3\"><img width=\"580\" height=\"350\" src=\"http:\/\/www.zabawki.gorlice.pl\/wp-content\/uploads\/2018\/06\/lez_close_lux_3.jpg\" class=\"scale-with-grid wp-post-image\" alt=\"\" loading=\"lazy\" srcset=\"http:\/\/www.zabawki.gorlice.pl\/wp-content\/uploads\/2018\/06\/lez_close_lux_3.jpg 580w, http:\/\/www.zabawki.gorlice.pl\/wp-content\/uploads\/2018\/06\/lez_close_lux_3-300x181.jpg 300w, http:\/\/www.zabawki.gorlice.pl\/wp-content\/uploads\/2018\/06\/lez_close_lux_3-242x146.jpg 242w, http:\/\/www.zabawki.gorlice.pl\/wp-content\/uploads\/2018\/06\/lez_close_lux_3-50x30.jpg 50w, http:\/\/www.zabawki.gorlice.pl\/wp-content\/uploads\/2018\/06\/lez_close_lux_3-124x75.jpg 124w\" sizes=\"(max-width: 580px) 100vw, 580px\" \/><\/li><li class=\"content_slider_li_4\"><img width=\"580\" height=\"350\" src=\"http:\/\/www.zabawki.gorlice.pl\/wp-content\/uploads\/2018\/06\/lez_close_lux_4.jpg\" class=\"scale-with-grid wp-post-image\" alt=\"\" loading=\"lazy\" srcset=\"http:\/\/www.zabawki.gorlice.pl\/wp-content\/uploads\/2018\/06\/lez_close_lux_4.jpg 580w, http:\/\/www.zabawki.gorlice.pl\/wp-content\/uploads\/2018\/06\/lez_close_lux_4-300x181.jpg 300w, http:\/\/www.zabawki.gorlice.pl\/wp-content\/uploads\/2018\/06\/lez_close_lux_4-242x146.jpg 242w, http:\/\/www.zabawki.gorlice.pl\/wp-content\/uploads\/2018\/06\/lez_close_lux_4-50x30.jpg 50w, http:\/\/www.zabawki.gorlice.pl\/wp-content\/uploads\/2018\/06\/lez_close_lux_4-124x75.jpg 124w\" sizes=\"(max-width: 580px) 100vw, 580px\" \/><\/li><li class=\"content_slider_li_5\"><img width=\"580\" height=\"350\" src=\"http:\/\/www.zabawki.gorlice.pl\/wp-content\/uploads\/2018\/06\/lez_close_lux_5.jpg\" class=\"scale-with-grid wp-post-image\" alt=\"\" loading=\"lazy\" srcset=\"http:\/\/www.zabawki.gorlice.pl\/wp-content\/uploads\/2018\/06\/lez_close_lux_5.jpg 580w, http:\/\/www.zabawki.gorlice.pl\/wp-content\/uploads\/2018\/06\/lez_close_lux_5-300x181.jpg 300w, http:\/\/www.zabawki.gorlice.pl\/wp-content\/uploads\/2018\/06\/lez_close_lux_5-242x146.jpg 242w, http:\/\/www.zabawki.gorlice.pl\/wp-content\/uploads\/2018\/06\/lez_close_lux_5-50x30.jpg 50w, http:\/\/www.zabawki.gorlice.pl\/wp-content\/uploads\/2018\/06\/lez_close_lux_5-124x75.jpg 124w\" sizes=\"(max-width: 580px) 100vw, 580px\" \/><\/li><li class=\"content_slider_li_6\"><img width=\"580\" height=\"350\" src=\"http:\/\/www.zabawki.gorlice.pl\/wp-content\/uploads\/2018\/06\/lez_close_lux_7.jpg\" class=\"scale-with-grid wp-post-image\" alt=\"\" loading=\"lazy\" srcset=\"http:\/\/www.zabawki.gorlice.pl\/wp-content\/uploads\/2018\/06\/lez_close_lux_7.jpg 580w, http:\/\/www.zabawki.gorlice.pl\/wp-content\/uploads\/2018\/06\/lez_close_lux_7-300x181.jpg 300w, http:\/\/www.zabawki.gorlice.pl\/wp-content\/uploads\/2018\/06\/lez_close_lux_7-242x146.jpg 242w, http:\/\/www.zabawki.gorlice.pl\/wp-content\/uploads\/2018\/06\/lez_close_lux_7-50x30.jpg 50w, http:\/\/www.zabawki.gorlice.pl\/wp-content\/uploads\/2018\/06\/lez_close_lux_7-124x75.jpg 124w\" sizes=\"(max-width: 580px) 100vw, 580px\" \/><\/li><li class=\"content_slider_li_7\"><img width=\"580\" height=\"350\" src=\"http:\/\/www.zabawki.gorlice.pl\/wp-content\/uploads\/2018\/06\/lez_close_lux_6.jpg\" class=\"scale-with-grid wp-post-image\" alt=\"\" loading=\"lazy\" srcset=\"http:\/\/www.zabawki.gorlice.pl\/wp-content\/uploads\/2018\/06\/lez_close_lux_6.jpg 580w, http:\/\/www.zabawki.gorlice.pl\/wp-content\/uploads\/2018\/06\/lez_close_lux_6-300x181.jpg 300w, http:\/\/www.zabawki.gorlice.pl\/wp-content\/uploads\/2018\/06\/lez_close_lux_6-242x146.jpg 242w, http:\/\/www.zabawki.gorlice.pl\/wp-content\/uploads\/2018\/06\/lez_close_lux_6-50x30.jpg 50w, http:\/\/www.zabawki.gorlice.pl\/wp-content\/uploads\/2018\/06\/lez_close_lux_6-124x75.jpg 124w\" sizes=\"(max-width: 580px) 100vw, 580px\" \/><\/li><li class=\"content_slider_li_8\"><img width=\"580\" height=\"350\" src=\"http:\/\/www.zabawki.gorlice.pl\/wp-content\/uploads\/2018\/06\/lez_close_lux_8.jpg\" class=\"scale-with-grid wp-post-image\" alt=\"\" loading=\"lazy\" srcset=\"http:\/\/www.zabawki.gorlice.pl\/wp-content\/uploads\/2018\/06\/lez_close_lux_8.jpg 580w, http:\/\/www.zabawki.gorlice.pl\/wp-content\/uploads\/2018\/06\/lez_close_lux_8-300x181.jpg 300w, http:\/\/www.zabawki.gorlice.pl\/wp-content\/uploads\/2018\/06\/lez_close_lux_8-242x146.jpg 242w, http:\/\/www.zabawki.gorlice.pl\/wp-content\/uploads\/2018\/06\/lez_close_lux_8-50x30.jpg 50w, http:\/\/www.zabawki.gorlice.pl\/wp-content\/uploads\/2018\/06\/lez_close_lux_8-124x75.jpg 124w\" sizes=\"(max-width: 580px) 100vw, 580px\" \/><\/li><\/ul><div class=\"slider_pager slider_pagination\"><\/div><\/div>\n\n<p>Dziecko na wysoko\u015bci wzroku rodzica dla utrzymania sta\u0142ego kontaktu i \u0142atwiejszego dost\u0119pu<strong>.\u00a0<\/strong>Twoje dziecko mo\u017ce zawsze znajdowa\u0107 si\u0119 na wysoko\u015bci Twoich oczu umo\u017cliwiaj\u0105c komunikacj\u0119 i interakcj\u0119. Niezale\u017cnie od tego czy siedzisz czy stoisz, dziecko mo\u017ce znajdowa\u0107 si\u0119 w zasi\u0119gu Twojego wzroku.\u00a0Zacie\u015bnij wi\u0119\u017a, odkrywaj, ucz si\u0119. Rodzice chc\u0105 aby ich dziecko przebywa\u0142o obok nich w dowolnym miejscu w domu by m\u00f3c utrzyma\u0107 sta\u0142y kontakt wzrokowy z dzieckiem i mo\u017cliwo\u015b\u0107 interakcji.<\/p>\n<p>Informacje o produkcie:<\/p>\n<ul>\n<li>Le\u017caczek 3w1\u00a0&#8211; wysokie krzese\u0142ko, le\u017caczek, koj\u0105ce \u0142\u00f3\u017ceczko z wibracjami<\/li>\n<li>Ty i Twoje dziecko\u00a0zawsze w kontakcie wzrokowym<\/li>\n<li>Zach\u0119ca dziecko do odkrywania,\u00a0pobudza zmys\u0142y\u00a0i\u00a0ch\u0119\u0107 eksploracji, a co najwa\u017cniejsze &#8211;\u00a0zacie\u015bnia wi\u0119\u017a mi\u0119dzy dzieckiem a rodzicem<\/li>\n<\/ul>\n<p>Specyfikacja techniczna:<\/p>\n<ul>\n<li>3 tryby u\u017cytkowania\u00a0&#8211; wibracje, czas na drzemk\u0119, krzese\u0142ko<\/li>\n<li>\u0142atwe przej\u015bcie z jednej pozycji do drugiej<\/li>\n<li>2 tylne ko\u0142a\u00a0dla \u0142atwego przemieszczania<\/li>\n<li>le\u017caczek mo\u017cna\u00a0z\u0142o\u017cy\u0107 na p\u0142asko\u00a0dla \u0142atwego przechowywania<\/li>\n<li>3 tryby u\u017cytkowania\u00a0&#8211;\u00a0le\u017caczek, \u0142\u00f3\u017ceczko z wibracjami, wysokie krzese\u0142ko idealne na wysoko\u015b\u0107 sto\u0142u<\/li>\n<li>25 minut ci\u0105g\u0142ej muzyki<\/li>\n<li>16 melodii\u00a0&#8211; 8 spokojnych i 8 weso\u0142ych<\/li>\n<li>\u0142agodz\u0105ce wibracje<\/li>\n<li>regulowany, zdejmowany pa\u0142\u0105k\u00a0z dwoma cudownymi\u00a0zawieszkami<\/li>\n<li>\u0142atwy do przemieszczania dzi\u0119ki dw\u00f3m tylnim ko\u0142om<\/li>\n<li>\u0142atwy do przechowywania dzi\u0119ki mo\u017cliwo\u015bci z\u0142o\u017cenia na p\u0142asko<\/li>\n<li>wygodna wk\u0142adka\u00a0dla noworodka<\/li>\n<li>maksymalne bezpiecze\u0144stwo dzi\u0119ki\u00a05-punktowym pasom bezpiecze\u0144stwa<\/li>\n<li>\u0142atwe do prania obicie siedziska<\/li>\n<li>obci\u0105\u017cenie do 18kg<\/li>\n<li>tryb bujania i uspokajania: maks. waga 9kg<\/li>\n<li>tryb wysokie krzese\u0142ko: maks. waga 18kg<\/li>\n<li>certyfikowana stabilno\u015b\u0107 i bezpiecze\u0144stwo le\u017caczka\u00a0(certyfikat F404 dla wysokiego krzese\u0142ka i F2167 dla le\u017caczka)<\/li>\n<\/ul>\n<p>&nbsp;<\/p>\n","protected":false},"excerpt":{"rendered":"<p>&nbsp; Dziecko na wysoko\u015bci wzroku rodzica dla utrzymania sta\u0142ego kontaktu i \u0142atwiejszego dost\u0119pu.\u00a0Twoje dziecko mo\u017ce zawsze znajdowa\u0107 si\u0119 na wysoko\u015bci Twoich oczu umo\u017cliwiaj\u0105c komunikacj\u0119 i interakcj\u0119.<span class=\"excerpt-hellip\"> [\u2026]<\/span><\/p>\n","protected":false},"author":1,"featured_media":0,"parent":0,"menu_order":0,"comment_status":"closed","ping_status":"closed","template":"","meta":[],"_links":{"self":[{"href":"http:\/\/www.zabawki.gorlice.pl\/index.php\/wp-json\/wp\/v2\/pages\/251"}],"collection":[{"href":"http:\/\/www.zabawki.gorlice.pl\/index.php\/wp-json\/wp\/v2\/pages"}],"about":[{"href":"http:\/\/www.zabawki.gorlice.pl\/index.php\/wp-json\/wp\/v2\/types\/page"}],"author":[{"embeddable":true,"href":"http:\/\/www.zabawki.gorlice.pl\/index.php\/wp-json\/wp\/v2\/users\/1"}],"replies":[{"embeddable":true,"href":"http:\/\/www.zabawki.gorlice.pl\/index.php\/wp-json\/wp\/v2\/comments?post=251"}],"version-history":[{"count":2,"href":"http:\/\/www.zabawki.gorlice.pl\/index.php\/wp-json\/wp\/v2\/pages\/251\/revisions"}],"predecessor-version":[{"id":253,"href":"http:\/\/www.zabawki.gorlice.pl\/index.php\/wp-json\/wp\/v2\/pages\/251\/revisions\/253"}],"wp:attachment":[{"href":"http:\/\/www.zabawki.gorlice.pl\/index.php\/wp-json\/wp\/v2\/media?parent=251"}],"curies":[{"name":"wp","href":"https:\/\/api.w.org\/{rel}","templated":true}]}}