{"id":302,"date":"2018-06-22T09:02:40","date_gmt":"2018-06-22T07:02:40","guid":{"rendered":"http:\/\/www.zabawki.gorlice.pl\/?page_id=302"},"modified":"2018-06-22T09:02:40","modified_gmt":"2018-06-22T07:02:40","slug":"karuzela-zabawa-na-lace","status":"publish","type":"page","link":"http:\/\/www.zabawki.gorlice.pl\/index.php\/karuzela-zabawa-na-lace\/","title":{"rendered":"Karuzela &#8211; Zabawa na \u0142\u0105ce"},"content":{"rendered":"<p>&nbsp;<\/p>\n<div class=\"content_slider \"><ul class=\"content_slider_ul\"><li class=\"content_slider_li_1\"><img width=\"580\" height=\"350\" src=\"http:\/\/www.zabawki.gorlice.pl\/wp-content\/uploads\/2018\/06\/kar_zabawa_na_lace_1.jpg\" class=\"scale-with-grid wp-post-image\" alt=\"\" loading=\"lazy\" srcset=\"http:\/\/www.zabawki.gorlice.pl\/wp-content\/uploads\/2018\/06\/kar_zabawa_na_lace_1.jpg 580w, http:\/\/www.zabawki.gorlice.pl\/wp-content\/uploads\/2018\/06\/kar_zabawa_na_lace_1-300x181.jpg 300w, http:\/\/www.zabawki.gorlice.pl\/wp-content\/uploads\/2018\/06\/kar_zabawa_na_lace_1-242x146.jpg 242w, http:\/\/www.zabawki.gorlice.pl\/wp-content\/uploads\/2018\/06\/kar_zabawa_na_lace_1-50x30.jpg 50w, http:\/\/www.zabawki.gorlice.pl\/wp-content\/uploads\/2018\/06\/kar_zabawa_na_lace_1-124x75.jpg 124w\" sizes=\"(max-width: 580px) 100vw, 580px\" \/><\/li><li class=\"content_slider_li_2\"><img width=\"580\" height=\"350\" src=\"http:\/\/www.zabawki.gorlice.pl\/wp-content\/uploads\/2018\/06\/kar_zabawa_na_lace_2.jpg\" class=\"scale-with-grid wp-post-image\" alt=\"\" loading=\"lazy\" srcset=\"http:\/\/www.zabawki.gorlice.pl\/wp-content\/uploads\/2018\/06\/kar_zabawa_na_lace_2.jpg 580w, http:\/\/www.zabawki.gorlice.pl\/wp-content\/uploads\/2018\/06\/kar_zabawa_na_lace_2-300x181.jpg 300w, http:\/\/www.zabawki.gorlice.pl\/wp-content\/uploads\/2018\/06\/kar_zabawa_na_lace_2-242x146.jpg 242w, http:\/\/www.zabawki.gorlice.pl\/wp-content\/uploads\/2018\/06\/kar_zabawa_na_lace_2-50x30.jpg 50w, http:\/\/www.zabawki.gorlice.pl\/wp-content\/uploads\/2018\/06\/kar_zabawa_na_lace_2-124x75.jpg 124w\" sizes=\"(max-width: 580px) 100vw, 580px\" \/><\/li><li class=\"content_slider_li_3\"><img width=\"580\" height=\"350\" src=\"http:\/\/www.zabawki.gorlice.pl\/wp-content\/uploads\/2018\/06\/kar_zabawa_na_lace_3.jpg\" class=\"scale-with-grid wp-post-image\" alt=\"\" loading=\"lazy\" srcset=\"http:\/\/www.zabawki.gorlice.pl\/wp-content\/uploads\/2018\/06\/kar_zabawa_na_lace_3.jpg 580w, http:\/\/www.zabawki.gorlice.pl\/wp-content\/uploads\/2018\/06\/kar_zabawa_na_lace_3-300x181.jpg 300w, http:\/\/www.zabawki.gorlice.pl\/wp-content\/uploads\/2018\/06\/kar_zabawa_na_lace_3-242x146.jpg 242w, http:\/\/www.zabawki.gorlice.pl\/wp-content\/uploads\/2018\/06\/kar_zabawa_na_lace_3-50x30.jpg 50w, http:\/\/www.zabawki.gorlice.pl\/wp-content\/uploads\/2018\/06\/kar_zabawa_na_lace_3-124x75.jpg 124w\" sizes=\"(max-width: 580px) 100vw, 580px\" \/><\/li><li class=\"content_slider_li_4\"><img width=\"580\" height=\"350\" src=\"http:\/\/www.zabawki.gorlice.pl\/wp-content\/uploads\/2018\/06\/kar_zabawa_na_lace_4.jpg\" class=\"scale-with-grid wp-post-image\" alt=\"\" loading=\"lazy\" srcset=\"http:\/\/www.zabawki.gorlice.pl\/wp-content\/uploads\/2018\/06\/kar_zabawa_na_lace_4.jpg 580w, http:\/\/www.zabawki.gorlice.pl\/wp-content\/uploads\/2018\/06\/kar_zabawa_na_lace_4-300x181.jpg 300w, http:\/\/www.zabawki.gorlice.pl\/wp-content\/uploads\/2018\/06\/kar_zabawa_na_lace_4-242x146.jpg 242w, http:\/\/www.zabawki.gorlice.pl\/wp-content\/uploads\/2018\/06\/kar_zabawa_na_lace_4-50x30.jpg 50w, http:\/\/www.zabawki.gorlice.pl\/wp-content\/uploads\/2018\/06\/kar_zabawa_na_lace_4-124x75.jpg 124w\" sizes=\"(max-width: 580px) 100vw, 580px\" \/><\/li><li class=\"content_slider_li_5\"><img width=\"580\" height=\"350\" src=\"http:\/\/www.zabawki.gorlice.pl\/wp-content\/uploads\/2018\/06\/kar_zabawa_na_lace_5.jpg\" class=\"scale-with-grid wp-post-image\" alt=\"\" loading=\"lazy\" srcset=\"http:\/\/www.zabawki.gorlice.pl\/wp-content\/uploads\/2018\/06\/kar_zabawa_na_lace_5.jpg 580w, http:\/\/www.zabawki.gorlice.pl\/wp-content\/uploads\/2018\/06\/kar_zabawa_na_lace_5-300x181.jpg 300w, http:\/\/www.zabawki.gorlice.pl\/wp-content\/uploads\/2018\/06\/kar_zabawa_na_lace_5-242x146.jpg 242w, http:\/\/www.zabawki.gorlice.pl\/wp-content\/uploads\/2018\/06\/kar_zabawa_na_lace_5-50x30.jpg 50w, http:\/\/www.zabawki.gorlice.pl\/wp-content\/uploads\/2018\/06\/kar_zabawa_na_lace_5-124x75.jpg 124w\" sizes=\"(max-width: 580px) 100vw, 580px\" \/><\/li><\/ul><div class=\"slider_pager slider_pagination\"><\/div><\/div>\n\n<p>&nbsp;<\/p>\n<p>Karuzela Ro\u015bnij z Muzyk\u0105 &#8211; Zabawa na \u0142\u0105ce. Ka\u017cde dziecko potrzebuje rutynowego\u00a0stanu przej\u015bciowego pomi\u0119dzy czasem zabawy i odpoczynku. Karuzela Tiny Love, dzi\u0119ki kombinacji muzyki i ruchu, pobudzi zmys\u0142y Twojego bawi\u0105cego si\u0119 male\u0144stwa,a tak\u017ce umo\u017cliwi mu stopniowe przygotowanie si\u0119 do snu, gdy jest ono \u015bpi\u0105ce.<\/p>\n<p>Karuzela Ro\u015bnij z Muzyk\u0105 &#8211; Zabawa na \u0142\u0105ce to wyj\u0105tkowa\u00a0zabawka rozwojowa, kt\u00f3ra ukoi ka\u017cdego maluszka oraz przyci\u0105gnie jego uwag\u0119\u00a0wyj\u0105tkow\u0105 kombinacj\u0105 muzyki. Unikalny\u00a0system poruszania si\u0119 karuzeli 4D\u00a0(zabawki skierowane s\u0105 zawsze w stron\u0119 dziecka) oraz obserwacja uroczych zawieszek &#8222;ta\u0144cz\u0105cych&#8221; do\u00a0a\u017c 18 r\u00f3\u017cnych\u00a0melodii rozwijaj\u0105 koordynacj\u0119 wzrokow\u0105 oraz zmys\u0142y dziecka. Zabawka &#8222;ro\u015bnie&#8221; razem z dzieckiem &#8211; mo\u017cna j\u0105\u00a0zamieni\u0107 w przeno\u015bn\u0105 pozytywk\u0119.<\/p>\n<p>1. 6 r\u00f3\u017cnych kategorii muzyki; 18 r\u00f3\u017cnych melodii.<br \/>\n2. Unikalny przycisk &#8222;shuffle&#8221; &#8211;\u00a0 losowe odtwarzanie muzyki.<br \/>\n3. Unikalny, opatentowany ruch karuzeli.<br \/>\n4. Do 40 minut ci\u0105g\u0142ej, niepowtarzaj\u0105cej si\u0119 muzyki.<br \/>\n5. Regulacja g\u0142o\u015bno\u015bci.<br \/>\n6. 2 wysokiej jako\u015bci g\u0142o\u015bniki.<br \/>\n7. Przycisk aktywacji muzyki dla dziecka.<br \/>\n8. Przeno\u015bna pozytywka.<\/p>\n","protected":false},"excerpt":{"rendered":"<p>&nbsp; &nbsp; Karuzela Ro\u015bnij z Muzyk\u0105 &#8211; Zabawa na \u0142\u0105ce. Ka\u017cde dziecko potrzebuje rutynowego\u00a0stanu przej\u015bciowego pomi\u0119dzy czasem zabawy i odpoczynku. Karuzela Tiny Love, dzi\u0119ki kombinacji muzyki<span class=\"excerpt-hellip\"> [\u2026]<\/span><\/p>\n","protected":false},"author":1,"featured_media":0,"parent":0,"menu_order":0,"comment_status":"closed","ping_status":"closed","template":"","meta":[],"_links":{"self":[{"href":"http:\/\/www.zabawki.gorlice.pl\/index.php\/wp-json\/wp\/v2\/pages\/302"}],"collection":[{"href":"http:\/\/www.zabawki.gorlice.pl\/index.php\/wp-json\/wp\/v2\/pages"}],"about":[{"href":"http:\/\/www.zabawki.gorlice.pl\/index.php\/wp-json\/wp\/v2\/types\/page"}],"author":[{"embeddable":true,"href":"http:\/\/www.zabawki.gorlice.pl\/index.php\/wp-json\/wp\/v2\/users\/1"}],"replies":[{"embeddable":true,"href":"http:\/\/www.zabawki.gorlice.pl\/index.php\/wp-json\/wp\/v2\/comments?post=302"}],"version-history":[{"count":1,"href":"http:\/\/www.zabawki.gorlice.pl\/index.php\/wp-json\/wp\/v2\/pages\/302\/revisions"}],"predecessor-version":[{"id":303,"href":"http:\/\/www.zabawki.gorlice.pl\/index.php\/wp-json\/wp\/v2\/pages\/302\/revisions\/303"}],"wp:attachment":[{"href":"http:\/\/www.zabawki.gorlice.pl\/index.php\/wp-json\/wp\/v2\/media?parent=302"}],"curies":[{"name":"wp","href":"https:\/\/api.w.org\/{rel}","templated":true}]}}