{"id":320,"date":"2018-06-22T10:18:43","date_gmt":"2018-06-22T08:18:43","guid":{"rendered":"http:\/\/www.zabawki.gorlice.pl\/?page_id=320"},"modified":"2018-07-04T13:23:35","modified_gmt":"2018-07-04T11:23:35","slug":"karuzele","status":"publish","type":"page","link":"http:\/\/www.zabawki.gorlice.pl\/index.php\/karuzele\/","title":{"rendered":"Karuzele"},"content":{"rendered":"<p style=\"text-align: justify;\">Karuzela do \u0142\u00f3\u017ceczka jest bardzo wa\u017cnym elementem niemowl\u0119cej wyprawki. Mo\u017cesz zakupi\u0107 j\u0105 samodzielnie lub otrzyma\u0107 od przyjaci\u00f3\u0142 i na pewno b\u0119dzie \u015bwietnym prezentem, kt\u00f3ry b\u0119dzie s\u0142u\u017cy\u0142 przez bardzo d\u0142ugi czas. Karuzele nie tylko obracaj\u0105 si\u0119 i fascynuj\u0105 dziecko uciekaj\u0105cymi w k\u00f3\u0142ko zwierz\u0105tkami, ale te\u017c graj\u0105 przyjemne, spokojne melodie. Wieczorem karuzele z projektorem daj\u0105 pi\u0119kny wz\u00f3r na \u015bcianie (np. gwiazdki) w spokojnym kolorze. To wszystko umila dziecku sen, a w ci\u0105gu dnia zach\u0119ca je do samodzielnej zabawy.<br \/>\nTa propozycja przypadnie do gustu ka\u017cdemu niemowlakowi. Projektor z karuzel\u0105 pobudza nie tylko zmys\u0142 wzroku, ale tak\u017ce s\u0142uchu, poniewa\u017c dodatkowo wyposa\u017cony jest w bia\u0142y szum i odg\u0142osy morza. Projektor wy\u015bwietla na suficie morze gwiazdek, kt\u00f3re delikatnie otaczaj\u0105 malucha. Emitowane \u015bwiat\u0142o nie jest bardzo intensywne, sprawdzi si\u0119 wi\u0119c jako lampka nocna. Dodatkowo, gdy karuzela nie b\u0119dzie ju\u017c przydatna, mo\u017cna od\u0142\u0105czy\u0107 go od reszty zestawu i pozostawi\u0107 w charakterze lampki. Bia\u0142y szum i odg\u0142osy przyrody pomog\u0105 wyciszy\u0107 si\u0119 niemowlakowi i szybciej uspokoi\u0107.<\/p>\n","protected":false},"excerpt":{"rendered":"<p>Karuzela do \u0142\u00f3\u017ceczka jest bardzo wa\u017cnym elementem niemowl\u0119cej wyprawki. Mo\u017cesz zakupi\u0107 j\u0105 samodzielnie lub otrzyma\u0107 od przyjaci\u00f3\u0142 i na pewno b\u0119dzie \u015bwietnym prezentem, kt\u00f3ry b\u0119dzie s\u0142u\u017cy\u0142<span class=\"excerpt-hellip\"> [\u2026]<\/span><\/p>\n","protected":false},"author":1,"featured_media":0,"parent":0,"menu_order":0,"comment_status":"closed","ping_status":"closed","template":"","meta":[],"_links":{"self":[{"href":"http:\/\/www.zabawki.gorlice.pl\/index.php\/wp-json\/wp\/v2\/pages\/320"}],"collection":[{"href":"http:\/\/www.zabawki.gorlice.pl\/index.php\/wp-json\/wp\/v2\/pages"}],"about":[{"href":"http:\/\/www.zabawki.gorlice.pl\/index.php\/wp-json\/wp\/v2\/types\/page"}],"author":[{"embeddable":true,"href":"http:\/\/www.zabawki.gorlice.pl\/index.php\/wp-json\/wp\/v2\/users\/1"}],"replies":[{"embeddable":true,"href":"http:\/\/www.zabawki.gorlice.pl\/index.php\/wp-json\/wp\/v2\/comments?post=320"}],"version-history":[{"count":2,"href":"http:\/\/www.zabawki.gorlice.pl\/index.php\/wp-json\/wp\/v2\/pages\/320\/revisions"}],"predecessor-version":[{"id":858,"href":"http:\/\/www.zabawki.gorlice.pl\/index.php\/wp-json\/wp\/v2\/pages\/320\/revisions\/858"}],"wp:attachment":[{"href":"http:\/\/www.zabawki.gorlice.pl\/index.php\/wp-json\/wp\/v2\/media?parent=320"}],"curies":[{"name":"wp","href":"https:\/\/api.w.org\/{rel}","templated":true}]}}