{"id":407,"date":"2018-06-25T10:06:04","date_gmt":"2018-06-25T08:06:04","guid":{"rendered":"http:\/\/www.zabawki.gorlice.pl\/?page_id=407"},"modified":"2018-06-25T11:23:53","modified_gmt":"2018-06-25T09:23:53","slug":"interaktywne-jabluszko-odkrywaj-i-baw-sie","status":"publish","type":"page","link":"http:\/\/www.zabawki.gorlice.pl\/index.php\/interaktywne-jabluszko-odkrywaj-i-baw-sie\/","title":{"rendered":"Interaktywne jab\u0142uszko &#8211; Odkrywaj i baw si\u0119"},"content":{"rendered":"<p>&nbsp;<\/p>\n<div class=\"content_slider \"><ul class=\"content_slider_ul\"><li class=\"content_slider_li_1\"><img width=\"580\" height=\"350\" src=\"http:\/\/www.zabawki.gorlice.pl\/wp-content\/uploads\/2018\/06\/inter_jazbl_1.jpg\" class=\"scale-with-grid wp-post-image\" alt=\"\" loading=\"lazy\" srcset=\"http:\/\/www.zabawki.gorlice.pl\/wp-content\/uploads\/2018\/06\/inter_jazbl_1.jpg 580w, http:\/\/www.zabawki.gorlice.pl\/wp-content\/uploads\/2018\/06\/inter_jazbl_1-300x181.jpg 300w, http:\/\/www.zabawki.gorlice.pl\/wp-content\/uploads\/2018\/06\/inter_jazbl_1-242x146.jpg 242w, http:\/\/www.zabawki.gorlice.pl\/wp-content\/uploads\/2018\/06\/inter_jazbl_1-50x30.jpg 50w, http:\/\/www.zabawki.gorlice.pl\/wp-content\/uploads\/2018\/06\/inter_jazbl_1-124x75.jpg 124w\" sizes=\"(max-width: 580px) 100vw, 580px\" \/><\/li><li class=\"content_slider_li_2\"><img width=\"580\" height=\"350\" src=\"http:\/\/www.zabawki.gorlice.pl\/wp-content\/uploads\/2018\/06\/inter_jazbl_2.jpg\" class=\"scale-with-grid wp-post-image\" alt=\"\" loading=\"lazy\" srcset=\"http:\/\/www.zabawki.gorlice.pl\/wp-content\/uploads\/2018\/06\/inter_jazbl_2.jpg 580w, http:\/\/www.zabawki.gorlice.pl\/wp-content\/uploads\/2018\/06\/inter_jazbl_2-300x181.jpg 300w, http:\/\/www.zabawki.gorlice.pl\/wp-content\/uploads\/2018\/06\/inter_jazbl_2-242x146.jpg 242w, http:\/\/www.zabawki.gorlice.pl\/wp-content\/uploads\/2018\/06\/inter_jazbl_2-50x30.jpg 50w, http:\/\/www.zabawki.gorlice.pl\/wp-content\/uploads\/2018\/06\/inter_jazbl_2-124x75.jpg 124w\" sizes=\"(max-width: 580px) 100vw, 580px\" \/><\/li><li class=\"content_slider_li_3\"><img width=\"580\" height=\"350\" src=\"http:\/\/www.zabawki.gorlice.pl\/wp-content\/uploads\/2018\/06\/inter_jazbl_3.jpg\" class=\"scale-with-grid wp-post-image\" alt=\"\" loading=\"lazy\" srcset=\"http:\/\/www.zabawki.gorlice.pl\/wp-content\/uploads\/2018\/06\/inter_jazbl_3.jpg 580w, http:\/\/www.zabawki.gorlice.pl\/wp-content\/uploads\/2018\/06\/inter_jazbl_3-300x181.jpg 300w, http:\/\/www.zabawki.gorlice.pl\/wp-content\/uploads\/2018\/06\/inter_jazbl_3-242x146.jpg 242w, http:\/\/www.zabawki.gorlice.pl\/wp-content\/uploads\/2018\/06\/inter_jazbl_3-50x30.jpg 50w, http:\/\/www.zabawki.gorlice.pl\/wp-content\/uploads\/2018\/06\/inter_jazbl_3-124x75.jpg 124w\" sizes=\"(max-width: 580px) 100vw, 580px\" \/><\/li><li class=\"content_slider_li_4\"><img width=\"580\" height=\"350\" src=\"http:\/\/www.zabawki.gorlice.pl\/wp-content\/uploads\/2018\/06\/inter_jazbl_4.jpg\" class=\"scale-with-grid wp-post-image\" alt=\"\" loading=\"lazy\" srcset=\"http:\/\/www.zabawki.gorlice.pl\/wp-content\/uploads\/2018\/06\/inter_jazbl_4.jpg 580w, http:\/\/www.zabawki.gorlice.pl\/wp-content\/uploads\/2018\/06\/inter_jazbl_4-300x181.jpg 300w, http:\/\/www.zabawki.gorlice.pl\/wp-content\/uploads\/2018\/06\/inter_jazbl_4-242x146.jpg 242w, http:\/\/www.zabawki.gorlice.pl\/wp-content\/uploads\/2018\/06\/inter_jazbl_4-50x30.jpg 50w, http:\/\/www.zabawki.gorlice.pl\/wp-content\/uploads\/2018\/06\/inter_jazbl_4-124x75.jpg 124w\" sizes=\"(max-width: 580px) 100vw, 580px\" \/><\/li><li class=\"content_slider_li_5\"><img width=\"580\" height=\"350\" src=\"http:\/\/www.zabawki.gorlice.pl\/wp-content\/uploads\/2018\/06\/inter_jazbl_5.jpg\" class=\"scale-with-grid wp-post-image\" alt=\"\" loading=\"lazy\" srcset=\"http:\/\/www.zabawki.gorlice.pl\/wp-content\/uploads\/2018\/06\/inter_jazbl_5.jpg 580w, http:\/\/www.zabawki.gorlice.pl\/wp-content\/uploads\/2018\/06\/inter_jazbl_5-300x181.jpg 300w, http:\/\/www.zabawki.gorlice.pl\/wp-content\/uploads\/2018\/06\/inter_jazbl_5-242x146.jpg 242w, http:\/\/www.zabawki.gorlice.pl\/wp-content\/uploads\/2018\/06\/inter_jazbl_5-50x30.jpg 50w, http:\/\/www.zabawki.gorlice.pl\/wp-content\/uploads\/2018\/06\/inter_jazbl_5-124x75.jpg 124w\" sizes=\"(max-width: 580px) 100vw, 580px\" \/><\/li><li class=\"content_slider_li_6\"><img width=\"580\" height=\"350\" src=\"http:\/\/www.zabawki.gorlice.pl\/wp-content\/uploads\/2018\/06\/inter_jazbl_6.jpg\" class=\"scale-with-grid wp-post-image\" alt=\"\" loading=\"lazy\" srcset=\"http:\/\/www.zabawki.gorlice.pl\/wp-content\/uploads\/2018\/06\/inter_jazbl_6.jpg 580w, http:\/\/www.zabawki.gorlice.pl\/wp-content\/uploads\/2018\/06\/inter_jazbl_6-300x181.jpg 300w, http:\/\/www.zabawki.gorlice.pl\/wp-content\/uploads\/2018\/06\/inter_jazbl_6-242x146.jpg 242w, http:\/\/www.zabawki.gorlice.pl\/wp-content\/uploads\/2018\/06\/inter_jazbl_6-50x30.jpg 50w, http:\/\/www.zabawki.gorlice.pl\/wp-content\/uploads\/2018\/06\/inter_jazbl_6-124x75.jpg 124w\" sizes=\"(max-width: 580px) 100vw, 580px\" \/><\/li><\/ul><div class=\"slider_pager slider_pagination\"><\/div><\/div>\n\n<p>&nbsp;<\/p>\n<p>Interaktywne jab\u0142uszko\u00a0to ekscytuj\u0105ca zabawka rozwojowa, kt\u00f3ra turla si\u0119 gdy jest zamkni\u0119ta oraz inspiruje gdy jest otwarta. 4 zabawne aktywno\u015bci\u00a0wspieraj\u0105ce\u00a0rozw\u00f3j poznawczy\u00a0i\u00a0rozwijaj\u0105ce motoryk\u0119 ma\u0142\u0105.<\/p>\n<p>1. Kr\u0119c\u0105ce si\u0119 k\u00f3\u0142eczko z nadrukiem w kszta\u0142cie kwiatu<br \/>\n2. Wyskakuj\u0105ca i chowaj\u0105ca si\u0119 d\u017cd\u017cownica<br \/>\n3. Zaczep umo\u017cliwiaj\u0105cy przyczepienie zabawki np. do w\u00f3\u017cka b\u0105d\u017a do \u0142\u00f3\u017ceczka<br \/>\n4. Jasne, grzechocz\u0105ce kuleczki z kolorowym nadrukiem<br \/>\n5. Szeleszcz\u0105cy li\u015b\u0107<br \/>\n6. Kolorowe k\u00f3\u0142eczka i lusterko<\/p>\n","protected":false},"excerpt":{"rendered":"<p>&nbsp; &nbsp; Interaktywne jab\u0142uszko\u00a0to ekscytuj\u0105ca zabawka rozwojowa, kt\u00f3ra turla si\u0119 gdy jest zamkni\u0119ta oraz inspiruje gdy jest otwarta. 4 zabawne aktywno\u015bci\u00a0wspieraj\u0105ce\u00a0rozw\u00f3j poznawczy\u00a0i\u00a0rozwijaj\u0105ce motoryk\u0119 ma\u0142\u0105. 1. Kr\u0119c\u0105ce<span class=\"excerpt-hellip\"> [\u2026]<\/span><\/p>\n","protected":false},"author":1,"featured_media":0,"parent":0,"menu_order":0,"comment_status":"closed","ping_status":"closed","template":"","meta":[],"_links":{"self":[{"href":"http:\/\/www.zabawki.gorlice.pl\/index.php\/wp-json\/wp\/v2\/pages\/407"}],"collection":[{"href":"http:\/\/www.zabawki.gorlice.pl\/index.php\/wp-json\/wp\/v2\/pages"}],"about":[{"href":"http:\/\/www.zabawki.gorlice.pl\/index.php\/wp-json\/wp\/v2\/types\/page"}],"author":[{"embeddable":true,"href":"http:\/\/www.zabawki.gorlice.pl\/index.php\/wp-json\/wp\/v2\/users\/1"}],"replies":[{"embeddable":true,"href":"http:\/\/www.zabawki.gorlice.pl\/index.php\/wp-json\/wp\/v2\/comments?post=407"}],"version-history":[{"count":1,"href":"http:\/\/www.zabawki.gorlice.pl\/index.php\/wp-json\/wp\/v2\/pages\/407\/revisions"}],"predecessor-version":[{"id":408,"href":"http:\/\/www.zabawki.gorlice.pl\/index.php\/wp-json\/wp\/v2\/pages\/407\/revisions\/408"}],"wp:attachment":[{"href":"http:\/\/www.zabawki.gorlice.pl\/index.php\/wp-json\/wp\/v2\/media?parent=407"}],"curies":[{"name":"wp","href":"https:\/\/api.w.org\/{rel}","templated":true}]}}