{"id":516,"date":"2018-06-26T14:18:42","date_gmt":"2018-06-26T12:18:42","guid":{"rendered":"http:\/\/www.zabawki.gorlice.pl\/?page_id=516"},"modified":"2018-06-26T14:56:32","modified_gmt":"2018-06-26T12:56:32","slug":"516-2","status":"publish","type":"page","link":"http:\/\/www.zabawki.gorlice.pl\/index.php\/516-2\/","title":{"rendered":"Gimnastyka dla bobasa S\u0142oneczny Dzie\u0144"},"content":{"rendered":"<div class=\"content_slider \"><ul class=\"content_slider_ul\"><li class=\"content_slider_li_1\"><img width=\"580\" height=\"350\" src=\"http:\/\/www.zabawki.gorlice.pl\/wp-content\/uploads\/2018\/06\/mata_sloneczny_dzien_1.jpg\" class=\"scale-with-grid wp-post-image\" alt=\"\" loading=\"lazy\" srcset=\"http:\/\/www.zabawki.gorlice.pl\/wp-content\/uploads\/2018\/06\/mata_sloneczny_dzien_1.jpg 580w, http:\/\/www.zabawki.gorlice.pl\/wp-content\/uploads\/2018\/06\/mata_sloneczny_dzien_1-300x181.jpg 300w, http:\/\/www.zabawki.gorlice.pl\/wp-content\/uploads\/2018\/06\/mata_sloneczny_dzien_1-242x146.jpg 242w, http:\/\/www.zabawki.gorlice.pl\/wp-content\/uploads\/2018\/06\/mata_sloneczny_dzien_1-50x30.jpg 50w, http:\/\/www.zabawki.gorlice.pl\/wp-content\/uploads\/2018\/06\/mata_sloneczny_dzien_1-124x75.jpg 124w\" sizes=\"(max-width: 580px) 100vw, 580px\" \/><\/li><li class=\"content_slider_li_2\"><img width=\"580\" height=\"350\" src=\"http:\/\/www.zabawki.gorlice.pl\/wp-content\/uploads\/2018\/06\/mata_sloneczny_dzien_2.jpg\" class=\"scale-with-grid wp-post-image\" alt=\"\" loading=\"lazy\" srcset=\"http:\/\/www.zabawki.gorlice.pl\/wp-content\/uploads\/2018\/06\/mata_sloneczny_dzien_2.jpg 580w, http:\/\/www.zabawki.gorlice.pl\/wp-content\/uploads\/2018\/06\/mata_sloneczny_dzien_2-300x181.jpg 300w, http:\/\/www.zabawki.gorlice.pl\/wp-content\/uploads\/2018\/06\/mata_sloneczny_dzien_2-242x146.jpg 242w, http:\/\/www.zabawki.gorlice.pl\/wp-content\/uploads\/2018\/06\/mata_sloneczny_dzien_2-50x30.jpg 50w, http:\/\/www.zabawki.gorlice.pl\/wp-content\/uploads\/2018\/06\/mata_sloneczny_dzien_2-124x75.jpg 124w\" sizes=\"(max-width: 580px) 100vw, 580px\" \/><\/li><li class=\"content_slider_li_3\"><img width=\"580\" height=\"350\" src=\"http:\/\/www.zabawki.gorlice.pl\/wp-content\/uploads\/2018\/06\/mata_sloneczny_dzien_3.jpg\" class=\"scale-with-grid wp-post-image\" alt=\"\" loading=\"lazy\" srcset=\"http:\/\/www.zabawki.gorlice.pl\/wp-content\/uploads\/2018\/06\/mata_sloneczny_dzien_3.jpg 580w, http:\/\/www.zabawki.gorlice.pl\/wp-content\/uploads\/2018\/06\/mata_sloneczny_dzien_3-300x181.jpg 300w, http:\/\/www.zabawki.gorlice.pl\/wp-content\/uploads\/2018\/06\/mata_sloneczny_dzien_3-242x146.jpg 242w, http:\/\/www.zabawki.gorlice.pl\/wp-content\/uploads\/2018\/06\/mata_sloneczny_dzien_3-50x30.jpg 50w, http:\/\/www.zabawki.gorlice.pl\/wp-content\/uploads\/2018\/06\/mata_sloneczny_dzien_3-124x75.jpg 124w\" sizes=\"(max-width: 580px) 100vw, 580px\" \/><\/li><li class=\"content_slider_li_4\"><img width=\"580\" height=\"350\" src=\"http:\/\/www.zabawki.gorlice.pl\/wp-content\/uploads\/2018\/06\/mata_sloneczny_dzien_4.jpg\" class=\"scale-with-grid wp-post-image\" alt=\"\" loading=\"lazy\" srcset=\"http:\/\/www.zabawki.gorlice.pl\/wp-content\/uploads\/2018\/06\/mata_sloneczny_dzien_4.jpg 580w, http:\/\/www.zabawki.gorlice.pl\/wp-content\/uploads\/2018\/06\/mata_sloneczny_dzien_4-300x181.jpg 300w, http:\/\/www.zabawki.gorlice.pl\/wp-content\/uploads\/2018\/06\/mata_sloneczny_dzien_4-242x146.jpg 242w, http:\/\/www.zabawki.gorlice.pl\/wp-content\/uploads\/2018\/06\/mata_sloneczny_dzien_4-50x30.jpg 50w, http:\/\/www.zabawki.gorlice.pl\/wp-content\/uploads\/2018\/06\/mata_sloneczny_dzien_4-124x75.jpg 124w\" sizes=\"(max-width: 580px) 100vw, 580px\" \/><\/li><li class=\"content_slider_li_5\"><img width=\"580\" height=\"350\" src=\"http:\/\/www.zabawki.gorlice.pl\/wp-content\/uploads\/2018\/06\/mata_sloneczny_dzien_5.jpg\" class=\"scale-with-grid wp-post-image\" alt=\"\" loading=\"lazy\" srcset=\"http:\/\/www.zabawki.gorlice.pl\/wp-content\/uploads\/2018\/06\/mata_sloneczny_dzien_5.jpg 580w, http:\/\/www.zabawki.gorlice.pl\/wp-content\/uploads\/2018\/06\/mata_sloneczny_dzien_5-300x181.jpg 300w, http:\/\/www.zabawki.gorlice.pl\/wp-content\/uploads\/2018\/06\/mata_sloneczny_dzien_5-242x146.jpg 242w, http:\/\/www.zabawki.gorlice.pl\/wp-content\/uploads\/2018\/06\/mata_sloneczny_dzien_5-50x30.jpg 50w, http:\/\/www.zabawki.gorlice.pl\/wp-content\/uploads\/2018\/06\/mata_sloneczny_dzien_5-124x75.jpg 124w\" sizes=\"(max-width: 580px) 100vw, 580px\" \/><\/li><li class=\"content_slider_li_6\"><img width=\"580\" height=\"350\" src=\"http:\/\/www.zabawki.gorlice.pl\/wp-content\/uploads\/2018\/06\/mata_sloneczny_dzien_6.jpg\" class=\"scale-with-grid wp-post-image\" alt=\"\" loading=\"lazy\" srcset=\"http:\/\/www.zabawki.gorlice.pl\/wp-content\/uploads\/2018\/06\/mata_sloneczny_dzien_6.jpg 580w, http:\/\/www.zabawki.gorlice.pl\/wp-content\/uploads\/2018\/06\/mata_sloneczny_dzien_6-300x181.jpg 300w, http:\/\/www.zabawki.gorlice.pl\/wp-content\/uploads\/2018\/06\/mata_sloneczny_dzien_6-242x146.jpg 242w, http:\/\/www.zabawki.gorlice.pl\/wp-content\/uploads\/2018\/06\/mata_sloneczny_dzien_6-50x30.jpg 50w, http:\/\/www.zabawki.gorlice.pl\/wp-content\/uploads\/2018\/06\/mata_sloneczny_dzien_6-124x75.jpg 124w\" sizes=\"(max-width: 580px) 100vw, 580px\" \/><\/li><\/ul><div class=\"slider_pager slider_pagination\"><\/div><\/div>\n\n<p>&nbsp;<\/p>\n<p>&nbsp;<\/p>\n<p>Gimnastyka dla bobasa S\u0142oneczny Dzie\u0144 to interaktywna, pe\u0142na atrakcji mata rozwojowa z zachwycaj\u0105c\u0105 zabawk\u0105 muzyczn\u0105 w kszta\u0142cie s\u0142oneczka. Na pa\u0142\u0105kach zawieszone s\u0105 3 zabawki oraz bezpieczne lusterko.<\/p>\n<p>Edukacyjna mata Tiny Love zapewni aktywny rozw\u00f3j ruchowy, oraz rado\u015b\u0107 z odkrywania nowych bod\u017ac\u00f3w.<br \/>\nMata zach\u0119ca do unoszenia g\u0142owy, wspomaga kontrolowanie ruch\u00f3w r\u0119ki, koordynacj\u0119 wzrokowo-ruchow\u0105, doskonalenie sprawno\u015bci ruchowej i rozumienie zale\u017cno\u015bci przyczyna &#8211; skutek.<\/p>\n<p>Cechy:<\/p>\n<ul>\n<li>Interaktywne muzyczne s\u0142oneczko<\/li>\n<li>Piszczek &#8211; s\u0142oneczko<\/li>\n<li>Ukryty kwiatek A \u2013 kuku<\/li>\n<li>Gryzak<\/li>\n<li>Grzechotka \u017c\u00f3\u0142wik<\/li>\n<li>Lusterko dla zabaw na brzuszku<\/li>\n<li>Szeleszcz\u0105ce elementy<\/li>\n<li>\u0141atwy spos\u00f3b sk\u0142adania i przenoszenia<\/li>\n<li>Mata mo\u017ce by\u0107 u\u017cywana do przewijania dziecka<\/li>\n<li>3 baterie AA\/LR6 (1,5V) &#8211; Produkt nie posiada baterii pr\u00f3bnych<\/li>\n<\/ul>\n","protected":false},"excerpt":{"rendered":"<p>&nbsp; &nbsp; Gimnastyka dla bobasa S\u0142oneczny Dzie\u0144 to interaktywna, pe\u0142na atrakcji mata rozwojowa z zachwycaj\u0105c\u0105 zabawk\u0105 muzyczn\u0105 w kszta\u0142cie s\u0142oneczka. Na pa\u0142\u0105kach zawieszone s\u0105 3 zabawki<span class=\"excerpt-hellip\"> [\u2026]<\/span><\/p>\n","protected":false},"author":1,"featured_media":0,"parent":0,"menu_order":0,"comment_status":"closed","ping_status":"closed","template":"","meta":[],"_links":{"self":[{"href":"http:\/\/www.zabawki.gorlice.pl\/index.php\/wp-json\/wp\/v2\/pages\/516"}],"collection":[{"href":"http:\/\/www.zabawki.gorlice.pl\/index.php\/wp-json\/wp\/v2\/pages"}],"about":[{"href":"http:\/\/www.zabawki.gorlice.pl\/index.php\/wp-json\/wp\/v2\/types\/page"}],"author":[{"embeddable":true,"href":"http:\/\/www.zabawki.gorlice.pl\/index.php\/wp-json\/wp\/v2\/users\/1"}],"replies":[{"embeddable":true,"href":"http:\/\/www.zabawki.gorlice.pl\/index.php\/wp-json\/wp\/v2\/comments?post=516"}],"version-history":[{"count":2,"href":"http:\/\/www.zabawki.gorlice.pl\/index.php\/wp-json\/wp\/v2\/pages\/516\/revisions"}],"predecessor-version":[{"id":539,"href":"http:\/\/www.zabawki.gorlice.pl\/index.php\/wp-json\/wp\/v2\/pages\/516\/revisions\/539"}],"wp:attachment":[{"href":"http:\/\/www.zabawki.gorlice.pl\/index.php\/wp-json\/wp\/v2\/media?parent=516"}],"curies":[{"name":"wp","href":"https:\/\/api.w.org\/{rel}","templated":true}]}}