{"id":537,"date":"2018-06-26T14:53:01","date_gmt":"2018-06-26T12:53:01","guid":{"rendered":"http:\/\/www.zabawki.gorlice.pl\/?page_id=537"},"modified":"2018-06-26T14:53:01","modified_gmt":"2018-06-26T12:53:01","slug":"wielofunkcyjny-lezaczek-bujaczek-lozeczko-3w1-czerwony","status":"publish","type":"page","link":"http:\/\/www.zabawki.gorlice.pl\/index.php\/wielofunkcyjny-lezaczek-bujaczek-lozeczko-3w1-czerwony\/","title":{"rendered":"Wielofunkcyjny le\u017caczek-bujaczek-\u0142\u00f3\u017ceczko 3w1 &#8211; czerwony"},"content":{"rendered":"<div class=\"content_slider \"><ul class=\"content_slider_ul\"><li class=\"content_slider_li_1\"><img width=\"580\" height=\"350\" src=\"http:\/\/www.zabawki.gorlice.pl\/wp-content\/uploads\/2018\/06\/lezacek_3w1_czerwony_1.jpg\" class=\"scale-with-grid wp-post-image\" alt=\"\" loading=\"lazy\" srcset=\"http:\/\/www.zabawki.gorlice.pl\/wp-content\/uploads\/2018\/06\/lezacek_3w1_czerwony_1.jpg 580w, http:\/\/www.zabawki.gorlice.pl\/wp-content\/uploads\/2018\/06\/lezacek_3w1_czerwony_1-300x181.jpg 300w, http:\/\/www.zabawki.gorlice.pl\/wp-content\/uploads\/2018\/06\/lezacek_3w1_czerwony_1-242x146.jpg 242w, http:\/\/www.zabawki.gorlice.pl\/wp-content\/uploads\/2018\/06\/lezacek_3w1_czerwony_1-50x30.jpg 50w, http:\/\/www.zabawki.gorlice.pl\/wp-content\/uploads\/2018\/06\/lezacek_3w1_czerwony_1-124x75.jpg 124w\" sizes=\"(max-width: 580px) 100vw, 580px\" \/><\/li><li class=\"content_slider_li_2\"><img width=\"580\" height=\"350\" src=\"http:\/\/www.zabawki.gorlice.pl\/wp-content\/uploads\/2018\/06\/le\u017caczek_3w1_czerwon_2.jpg\" class=\"scale-with-grid wp-post-image\" alt=\"\" loading=\"lazy\" srcset=\"http:\/\/www.zabawki.gorlice.pl\/wp-content\/uploads\/2018\/06\/le\u017caczek_3w1_czerwon_2.jpg 580w, http:\/\/www.zabawki.gorlice.pl\/wp-content\/uploads\/2018\/06\/le\u017caczek_3w1_czerwon_2-300x181.jpg 300w, http:\/\/www.zabawki.gorlice.pl\/wp-content\/uploads\/2018\/06\/le\u017caczek_3w1_czerwon_2-242x146.jpg 242w, http:\/\/www.zabawki.gorlice.pl\/wp-content\/uploads\/2018\/06\/le\u017caczek_3w1_czerwon_2-50x30.jpg 50w, http:\/\/www.zabawki.gorlice.pl\/wp-content\/uploads\/2018\/06\/le\u017caczek_3w1_czerwon_2-124x75.jpg 124w\" sizes=\"(max-width: 580px) 100vw, 580px\" \/><\/li><li class=\"content_slider_li_3\"><img width=\"580\" height=\"350\" src=\"http:\/\/www.zabawki.gorlice.pl\/wp-content\/uploads\/2018\/06\/lezacek_3w1_czerwony_3.jpg\" class=\"scale-with-grid wp-post-image\" alt=\"\" loading=\"lazy\" srcset=\"http:\/\/www.zabawki.gorlice.pl\/wp-content\/uploads\/2018\/06\/lezacek_3w1_czerwony_3.jpg 580w, http:\/\/www.zabawki.gorlice.pl\/wp-content\/uploads\/2018\/06\/lezacek_3w1_czerwony_3-300x181.jpg 300w, http:\/\/www.zabawki.gorlice.pl\/wp-content\/uploads\/2018\/06\/lezacek_3w1_czerwony_3-242x146.jpg 242w, http:\/\/www.zabawki.gorlice.pl\/wp-content\/uploads\/2018\/06\/lezacek_3w1_czerwony_3-50x30.jpg 50w, http:\/\/www.zabawki.gorlice.pl\/wp-content\/uploads\/2018\/06\/lezacek_3w1_czerwony_3-124x75.jpg 124w\" sizes=\"(max-width: 580px) 100vw, 580px\" \/><\/li><li class=\"content_slider_li_4\"><img width=\"580\" height=\"350\" src=\"http:\/\/www.zabawki.gorlice.pl\/wp-content\/uploads\/2018\/06\/lezacek_3w1_czerwony_4.jpg\" class=\"scale-with-grid wp-post-image\" alt=\"\" loading=\"lazy\" srcset=\"http:\/\/www.zabawki.gorlice.pl\/wp-content\/uploads\/2018\/06\/lezacek_3w1_czerwony_4.jpg 580w, http:\/\/www.zabawki.gorlice.pl\/wp-content\/uploads\/2018\/06\/lezacek_3w1_czerwony_4-300x181.jpg 300w, http:\/\/www.zabawki.gorlice.pl\/wp-content\/uploads\/2018\/06\/lezacek_3w1_czerwony_4-242x146.jpg 242w, http:\/\/www.zabawki.gorlice.pl\/wp-content\/uploads\/2018\/06\/lezacek_3w1_czerwony_4-50x30.jpg 50w, http:\/\/www.zabawki.gorlice.pl\/wp-content\/uploads\/2018\/06\/lezacek_3w1_czerwony_4-124x75.jpg 124w\" sizes=\"(max-width: 580px) 100vw, 580px\" \/><\/li><li class=\"content_slider_li_5\"><img width=\"580\" height=\"350\" src=\"http:\/\/www.zabawki.gorlice.pl\/wp-content\/uploads\/2018\/06\/lezacek_3w1_czerwony_5.jpg\" class=\"scale-with-grid wp-post-image\" alt=\"\" loading=\"lazy\" srcset=\"http:\/\/www.zabawki.gorlice.pl\/wp-content\/uploads\/2018\/06\/lezacek_3w1_czerwony_5.jpg 580w, http:\/\/www.zabawki.gorlice.pl\/wp-content\/uploads\/2018\/06\/lezacek_3w1_czerwony_5-300x181.jpg 300w, http:\/\/www.zabawki.gorlice.pl\/wp-content\/uploads\/2018\/06\/lezacek_3w1_czerwony_5-242x146.jpg 242w, http:\/\/www.zabawki.gorlice.pl\/wp-content\/uploads\/2018\/06\/lezacek_3w1_czerwony_5-50x30.jpg 50w, http:\/\/www.zabawki.gorlice.pl\/wp-content\/uploads\/2018\/06\/lezacek_3w1_czerwony_5-124x75.jpg 124w\" sizes=\"(max-width: 580px) 100vw, 580px\" \/><\/li><li class=\"content_slider_li_6\"><img width=\"580\" height=\"350\" src=\"http:\/\/www.zabawki.gorlice.pl\/wp-content\/uploads\/2018\/06\/lezacek_3w1_czerwony_6.jpg\" class=\"scale-with-grid wp-post-image\" alt=\"\" loading=\"lazy\" srcset=\"http:\/\/www.zabawki.gorlice.pl\/wp-content\/uploads\/2018\/06\/lezacek_3w1_czerwony_6.jpg 580w, http:\/\/www.zabawki.gorlice.pl\/wp-content\/uploads\/2018\/06\/lezacek_3w1_czerwony_6-300x181.jpg 300w, http:\/\/www.zabawki.gorlice.pl\/wp-content\/uploads\/2018\/06\/lezacek_3w1_czerwony_6-242x146.jpg 242w, http:\/\/www.zabawki.gorlice.pl\/wp-content\/uploads\/2018\/06\/lezacek_3w1_czerwony_6-50x30.jpg 50w, http:\/\/www.zabawki.gorlice.pl\/wp-content\/uploads\/2018\/06\/lezacek_3w1_czerwony_6-124x75.jpg 124w\" sizes=\"(max-width: 580px) 100vw, 580px\" \/><\/li><li class=\"content_slider_li_7\"><img width=\"580\" height=\"350\" src=\"http:\/\/www.zabawki.gorlice.pl\/wp-content\/uploads\/2018\/06\/lezacek_3w1_czerwony_7.jpg\" class=\"scale-with-grid wp-post-image\" alt=\"\" loading=\"lazy\" srcset=\"http:\/\/www.zabawki.gorlice.pl\/wp-content\/uploads\/2018\/06\/lezacek_3w1_czerwony_7.jpg 580w, http:\/\/www.zabawki.gorlice.pl\/wp-content\/uploads\/2018\/06\/lezacek_3w1_czerwony_7-300x181.jpg 300w, http:\/\/www.zabawki.gorlice.pl\/wp-content\/uploads\/2018\/06\/lezacek_3w1_czerwony_7-242x146.jpg 242w, http:\/\/www.zabawki.gorlice.pl\/wp-content\/uploads\/2018\/06\/lezacek_3w1_czerwony_7-50x30.jpg 50w, http:\/\/www.zabawki.gorlice.pl\/wp-content\/uploads\/2018\/06\/lezacek_3w1_czerwony_7-124x75.jpg 124w\" sizes=\"(max-width: 580px) 100vw, 580px\" \/><\/li><li class=\"content_slider_li_8\"><img width=\"580\" height=\"350\" src=\"http:\/\/www.zabawki.gorlice.pl\/wp-content\/uploads\/2018\/06\/lezacek_3w1_czerwony_7.jpg\" class=\"scale-with-grid wp-post-image\" alt=\"\" loading=\"lazy\" srcset=\"http:\/\/www.zabawki.gorlice.pl\/wp-content\/uploads\/2018\/06\/lezacek_3w1_czerwony_7.jpg 580w, http:\/\/www.zabawki.gorlice.pl\/wp-content\/uploads\/2018\/06\/lezacek_3w1_czerwony_7-300x181.jpg 300w, http:\/\/www.zabawki.gorlice.pl\/wp-content\/uploads\/2018\/06\/lezacek_3w1_czerwony_7-242x146.jpg 242w, http:\/\/www.zabawki.gorlice.pl\/wp-content\/uploads\/2018\/06\/lezacek_3w1_czerwony_7-50x30.jpg 50w, http:\/\/www.zabawki.gorlice.pl\/wp-content\/uploads\/2018\/06\/lezacek_3w1_czerwony_7-124x75.jpg 124w\" sizes=\"(max-width: 580px) 100vw, 580px\" \/><\/li><li class=\"content_slider_li_9\"><img width=\"580\" height=\"350\" src=\"http:\/\/www.zabawki.gorlice.pl\/wp-content\/uploads\/2018\/06\/lezacek_3w1_czerwony_8.jpg\" class=\"scale-with-grid wp-post-image\" alt=\"\" loading=\"lazy\" srcset=\"http:\/\/www.zabawki.gorlice.pl\/wp-content\/uploads\/2018\/06\/lezacek_3w1_czerwony_8.jpg 580w, http:\/\/www.zabawki.gorlice.pl\/wp-content\/uploads\/2018\/06\/lezacek_3w1_czerwony_8-300x181.jpg 300w, http:\/\/www.zabawki.gorlice.pl\/wp-content\/uploads\/2018\/06\/lezacek_3w1_czerwony_8-242x146.jpg 242w, http:\/\/www.zabawki.gorlice.pl\/wp-content\/uploads\/2018\/06\/lezacek_3w1_czerwony_8-50x30.jpg 50w, http:\/\/www.zabawki.gorlice.pl\/wp-content\/uploads\/2018\/06\/lezacek_3w1_czerwony_8-124x75.jpg 124w\" sizes=\"(max-width: 580px) 100vw, 580px\" \/><\/li><li class=\"content_slider_li_10\"><img width=\"580\" height=\"350\" src=\"http:\/\/www.zabawki.gorlice.pl\/wp-content\/uploads\/2018\/06\/lezacek_3w1_czerwony_9.jpg\" class=\"scale-with-grid wp-post-image\" alt=\"\" loading=\"lazy\" srcset=\"http:\/\/www.zabawki.gorlice.pl\/wp-content\/uploads\/2018\/06\/lezacek_3w1_czerwony_9.jpg 580w, http:\/\/www.zabawki.gorlice.pl\/wp-content\/uploads\/2018\/06\/lezacek_3w1_czerwony_9-300x181.jpg 300w, http:\/\/www.zabawki.gorlice.pl\/wp-content\/uploads\/2018\/06\/lezacek_3w1_czerwony_9-242x146.jpg 242w, http:\/\/www.zabawki.gorlice.pl\/wp-content\/uploads\/2018\/06\/lezacek_3w1_czerwony_9-50x30.jpg 50w, http:\/\/www.zabawki.gorlice.pl\/wp-content\/uploads\/2018\/06\/lezacek_3w1_czerwony_9-124x75.jpg 124w\" sizes=\"(max-width: 580px) 100vw, 580px\" \/><\/li><\/ul><div class=\"slider_pager slider_pagination\"><\/div><\/div>\n\n<p>&nbsp;<\/p>\n<p>Wyj\u0105tkowe i innowacyjne rozwi\u0105zanie od Tiny Love, wielofunkcyjny le\u017caczek, bujaczek, \u0142\u00f3\u017ceczko3w1<\/p>\n<p>Le\u017caczek-bujaczek<br \/>\njako miejsce do siedzenia w bezpiecznej dla malucha p\u00f3\u0142le\u017c\u0105cej pozycji oraz do zabawy. Robimy to podnosz\u0105c oparcie do p\u00f3\u0142le\u017c\u0105cej pozycji, sk\u0142adaj\u0105c boczki i zdejmuj\u0105c blokad\u0119 zamieniamy \u0142\u00f3\u017ceczko w bujaczek i aktywne ruchowo miejsce do zabawy.<\/p>\n<p>\u0141\u00f3\u017ceczko<br \/>\nz ustawienia le\u017caczka, bardzo \u0142atwo mo\u017cna zmieni\u0107 pozycj\u0119 na le\u017c\u0105c\u0105 z podniesionymi boczkami, kt\u00f3re stwarzaj\u0105 wygodne i bezpieczne \u0142\u00f3\u017ceczko z wygodnym materacem, do z\u0142udzenia przypominaj\u0105ce gondolk\u0119 w\u00f3zka.<\/p>\n<p>Krzese\u0142ko<br \/>\npodnosz\u0105c oparcie do maksymalnej wysoko\u015bci czyli do pozycji siedz\u0105cej, sk\u0142adaj\u0105c boczki, zdejmuj\u0105c przedni\u0105 blokad\u0119 le\u017caczka (powinna by\u0107 z\u0142o\u017cona do wewn\u0105trz) oraz ustawiaj\u0105c tyln\u0105 blokad\u0119 jako otwart\u0105 zamieniamy le\u017caczek w stabilne krzese\u0142ko do karmienia dziecka.<\/p>\n<p>Posiada mo\u017cliwo\u015b\u0107 3-stopniowej regulacji oparcia do pozycji:<br \/>\n&#8211; siedz\u0105cej<br \/>\n&#8211; p\u00f3\u0142le\u017c\u0105cej<br \/>\n&#8211; le\u017c\u0105cej<br \/>\nRegulacji dokonujemy poprzez stopniowe podnoszenie\/opuszczanie oparcia za pomoc\u0105 uchwytupod spodem le\u017caczka umiejscowionego pod g\u0142\u00f3wk\u0105 dziecka.<br \/>\nJe\u015bli dziecko cierpi na refluks pozycja p\u00f3\u0142le\u017c\u0105ca jest idealna i mo\u017ce pom\u00f3c dziecku w \u0142atwiejszym trawieniu pokarmu.<\/p>\n<ul>\n<li>le\u017caczek-bujaczek, kt\u00f3ry jednym, prostym ruchem mo\u017cna zmieni\u0107 w przytulne \u0142\u00f3\u017ceczko z mi\u0119kkim materacem. Mo\u017cliwo\u015b\u0107 ca\u0142kowitego roz\u0142o\u017cenia (180 stopni ) stwarza idealne miejsce do zdrowego, spokojnego snu<\/li>\n<li>le\u017caczek mo\u017cna ustawi\u0107 w 3 pozycjach<\/li>\n<li>mo\u017cliwo\u015b\u0107 bujania lub ustawienia le\u017caczka w pozycji stabilnej<\/li>\n<li>delikatne, koj\u0105ce wibracje rozchodz\u0105ce si\u0119 po ca\u0142ym le\u017caczku<\/li>\n<li>aktywowana przez dziecko zabawka \u015bwietlno-muzyczna z 7 melodiami. Zabawk\u0119 mo\u017cna ustawi\u0107 pod r\u00f3\u017cnym k\u0105tem nachylenia, mo\u017cna j\u0105 r\u00f3wnie\u017c obraca\u0107 o 180 stopni, co u\u0142atwia rodzicowi dost\u0119p\u00a0 do dziecka<\/li>\n<li>urocze zawieszki &#8211; grzechocz\u0105cy \u015blimak i lusterko-kwiatek<\/li>\n<\/ul>\n<p>OPIS KARUZELI:<\/p>\n<p>Atrakcyjnym dla dziecka elementem tego wielofunkcyjnego le\u017caczka jest zabawka \u015bwietlno-muzyczna na ruchomym ramieniu, kt\u00f3ra mo\u017ce zosta\u0107 aktywowana przez dziecko. Zabawka posiada 7 melodii oraz dwa stopnie g\u0142o\u015bno\u015bci. D\u017awi\u0119k mo\u017cna ustawi\u0107 w 3 trybach pracy:<br \/>\n&#8211; ci\u0105g\u0142a muzyka &#8211; zabawne melodie,<br \/>\n&#8211; ci\u0105g\u0142a muzyka &#8211; koj\u0105ce melodie,<br \/>\n&#8211; muzyka aktywowana przez dziecko, uruchomienie nast\u0119puje, gdy dziecko z\u0142apie jedn\u0105 z zabawek.<\/p>\n<p>Sam\u0105 zabawk\u0119 mo\u017cna ustawi\u0107 pod r\u00f3\u017cnym k\u0105tem nachylenia, jak r\u00f3wnie\u017c obraca\u0107 o 180 stopni, co u\u0142atwia rodzicowi dost\u0119p do dziecka.<br \/>\nNa spodzie du\u017cego plastikowego kwiatka z 4 p\u0142atkami umieszczono obrazki kwiatuszka i \u015blimaczka, kt\u00f3re b\u0142yskaj\u0105 \u015bwiate\u0142kami, gdy gra muzyka. Do dw\u00f3ch p\u0142atk\u00f3w przymocowane zosta\u0142y urocze zawieszki &#8211; grzechocz\u0105cy \u015blimak i kwiatuszek z bezpiecznym lustereczkiem i szeleszcz\u0105cymi elementami z materia\u0142u. Zabawki s\u0105 przymocowane na paski z rzepami, co umo\u017cliwia ich zdj\u0119cie i umieszczenie dowolnych zabaweczek, aby urozmaici\u0107 dziecku zabaw\u0119.<\/p>\n<p>&nbsp;<\/p>\n","protected":false},"excerpt":{"rendered":"<p>&nbsp; Wyj\u0105tkowe i innowacyjne rozwi\u0105zanie od Tiny Love, wielofunkcyjny le\u017caczek, bujaczek, \u0142\u00f3\u017ceczko3w1 Le\u017caczek-bujaczek jako miejsce do siedzenia w bezpiecznej dla malucha p\u00f3\u0142le\u017c\u0105cej pozycji oraz do zabawy.<span class=\"excerpt-hellip\"> [\u2026]<\/span><\/p>\n","protected":false},"author":1,"featured_media":0,"parent":0,"menu_order":0,"comment_status":"closed","ping_status":"closed","template":"","meta":[],"_links":{"self":[{"href":"http:\/\/www.zabawki.gorlice.pl\/index.php\/wp-json\/wp\/v2\/pages\/537"}],"collection":[{"href":"http:\/\/www.zabawki.gorlice.pl\/index.php\/wp-json\/wp\/v2\/pages"}],"about":[{"href":"http:\/\/www.zabawki.gorlice.pl\/index.php\/wp-json\/wp\/v2\/types\/page"}],"author":[{"embeddable":true,"href":"http:\/\/www.zabawki.gorlice.pl\/index.php\/wp-json\/wp\/v2\/users\/1"}],"replies":[{"embeddable":true,"href":"http:\/\/www.zabawki.gorlice.pl\/index.php\/wp-json\/wp\/v2\/comments?post=537"}],"version-history":[{"count":1,"href":"http:\/\/www.zabawki.gorlice.pl\/index.php\/wp-json\/wp\/v2\/pages\/537\/revisions"}],"predecessor-version":[{"id":538,"href":"http:\/\/www.zabawki.gorlice.pl\/index.php\/wp-json\/wp\/v2\/pages\/537\/revisions\/538"}],"wp:attachment":[{"href":"http:\/\/www.zabawki.gorlice.pl\/index.php\/wp-json\/wp\/v2\/media?parent=537"}],"curies":[{"name":"wp","href":"https:\/\/api.w.org\/{rel}","templated":true}]}}