{"id":591,"date":"2018-06-28T11:08:43","date_gmt":"2018-06-28T09:08:43","guid":{"rendered":"http:\/\/www.zabawki.gorlice.pl\/?page_id=591"},"modified":"2018-06-28T11:08:43","modified_gmt":"2018-06-28T09:08:43","slug":"karuzela-rosnij-z-muzyka-mala-ksiezniczka","status":"publish","type":"page","link":"http:\/\/www.zabawki.gorlice.pl\/index.php\/karuzela-rosnij-z-muzyka-mala-ksiezniczka\/","title":{"rendered":"Karuzela &#8211; Ro\u015bnij z muzyk\u0105 &#8211; Ma\u0142a Ksi\u0119\u017cniczka"},"content":{"rendered":"<div class=\"content_slider \"><ul class=\"content_slider_ul\"><li class=\"content_slider_li_1\"><img width=\"580\" height=\"350\" src=\"http:\/\/www.zabawki.gorlice.pl\/wp-content\/uploads\/2018\/06\/karuzela_Mala-_Ksiezniczka_.jpg\" class=\"scale-with-grid wp-post-image\" alt=\"\" loading=\"lazy\" srcset=\"http:\/\/www.zabawki.gorlice.pl\/wp-content\/uploads\/2018\/06\/karuzela_Mala-_Ksiezniczka_.jpg 580w, http:\/\/www.zabawki.gorlice.pl\/wp-content\/uploads\/2018\/06\/karuzela_Mala-_Ksiezniczka_-300x181.jpg 300w, http:\/\/www.zabawki.gorlice.pl\/wp-content\/uploads\/2018\/06\/karuzela_Mala-_Ksiezniczka_-242x146.jpg 242w, http:\/\/www.zabawki.gorlice.pl\/wp-content\/uploads\/2018\/06\/karuzela_Mala-_Ksiezniczka_-50x30.jpg 50w, http:\/\/www.zabawki.gorlice.pl\/wp-content\/uploads\/2018\/06\/karuzela_Mala-_Ksiezniczka_-124x75.jpg 124w\" sizes=\"(max-width: 580px) 100vw, 580px\" \/><\/li><li class=\"content_slider_li_2\"><img width=\"580\" height=\"350\" src=\"http:\/\/www.zabawki.gorlice.pl\/wp-content\/uploads\/2018\/06\/karuz_Mala-_Ksiezniczka_2.jpg\" class=\"scale-with-grid wp-post-image\" alt=\"\" loading=\"lazy\" srcset=\"http:\/\/www.zabawki.gorlice.pl\/wp-content\/uploads\/2018\/06\/karuz_Mala-_Ksiezniczka_2.jpg 580w, http:\/\/www.zabawki.gorlice.pl\/wp-content\/uploads\/2018\/06\/karuz_Mala-_Ksiezniczka_2-300x181.jpg 300w, http:\/\/www.zabawki.gorlice.pl\/wp-content\/uploads\/2018\/06\/karuz_Mala-_Ksiezniczka_2-242x146.jpg 242w, http:\/\/www.zabawki.gorlice.pl\/wp-content\/uploads\/2018\/06\/karuz_Mala-_Ksiezniczka_2-50x30.jpg 50w, http:\/\/www.zabawki.gorlice.pl\/wp-content\/uploads\/2018\/06\/karuz_Mala-_Ksiezniczka_2-124x75.jpg 124w\" sizes=\"(max-width: 580px) 100vw, 580px\" \/><\/li><li class=\"content_slider_li_3\"><img width=\"580\" height=\"350\" src=\"http:\/\/www.zabawki.gorlice.pl\/wp-content\/uploads\/2018\/06\/karuz_Mala-_Ksiezniczka_3.jpg\" class=\"scale-with-grid wp-post-image\" alt=\"\" loading=\"lazy\" srcset=\"http:\/\/www.zabawki.gorlice.pl\/wp-content\/uploads\/2018\/06\/karuz_Mala-_Ksiezniczka_3.jpg 580w, http:\/\/www.zabawki.gorlice.pl\/wp-content\/uploads\/2018\/06\/karuz_Mala-_Ksiezniczka_3-300x181.jpg 300w, http:\/\/www.zabawki.gorlice.pl\/wp-content\/uploads\/2018\/06\/karuz_Mala-_Ksiezniczka_3-242x146.jpg 242w, http:\/\/www.zabawki.gorlice.pl\/wp-content\/uploads\/2018\/06\/karuz_Mala-_Ksiezniczka_3-50x30.jpg 50w, http:\/\/www.zabawki.gorlice.pl\/wp-content\/uploads\/2018\/06\/karuz_Mala-_Ksiezniczka_3-124x75.jpg 124w\" sizes=\"(max-width: 580px) 100vw, 580px\" \/><\/li><li class=\"content_slider_li_4\"><img width=\"580\" height=\"350\" src=\"http:\/\/www.zabawki.gorlice.pl\/wp-content\/uploads\/2018\/06\/karuz_Mala-_Ksiezniczka_4.jpg\" class=\"scale-with-grid wp-post-image\" alt=\"\" loading=\"lazy\" srcset=\"http:\/\/www.zabawki.gorlice.pl\/wp-content\/uploads\/2018\/06\/karuz_Mala-_Ksiezniczka_4.jpg 580w, http:\/\/www.zabawki.gorlice.pl\/wp-content\/uploads\/2018\/06\/karuz_Mala-_Ksiezniczka_4-300x181.jpg 300w, http:\/\/www.zabawki.gorlice.pl\/wp-content\/uploads\/2018\/06\/karuz_Mala-_Ksiezniczka_4-242x146.jpg 242w, http:\/\/www.zabawki.gorlice.pl\/wp-content\/uploads\/2018\/06\/karuz_Mala-_Ksiezniczka_4-50x30.jpg 50w, http:\/\/www.zabawki.gorlice.pl\/wp-content\/uploads\/2018\/06\/karuz_Mala-_Ksiezniczka_4-124x75.jpg 124w\" sizes=\"(max-width: 580px) 100vw, 580px\" \/><\/li><li class=\"content_slider_li_5\"><img width=\"580\" height=\"350\" src=\"http:\/\/www.zabawki.gorlice.pl\/wp-content\/uploads\/2018\/06\/karuz_Mala-_Ksiezniczka_6.jpg\" class=\"scale-with-grid wp-post-image\" alt=\"\" loading=\"lazy\" srcset=\"http:\/\/www.zabawki.gorlice.pl\/wp-content\/uploads\/2018\/06\/karuz_Mala-_Ksiezniczka_6.jpg 580w, http:\/\/www.zabawki.gorlice.pl\/wp-content\/uploads\/2018\/06\/karuz_Mala-_Ksiezniczka_6-300x181.jpg 300w, http:\/\/www.zabawki.gorlice.pl\/wp-content\/uploads\/2018\/06\/karuz_Mala-_Ksiezniczka_6-242x146.jpg 242w, http:\/\/www.zabawki.gorlice.pl\/wp-content\/uploads\/2018\/06\/karuz_Mala-_Ksiezniczka_6-50x30.jpg 50w, http:\/\/www.zabawki.gorlice.pl\/wp-content\/uploads\/2018\/06\/karuz_Mala-_Ksiezniczka_6-124x75.jpg 124w\" sizes=\"(max-width: 580px) 100vw, 580px\" \/><\/li><li class=\"content_slider_li_6\"><img width=\"580\" height=\"350\" src=\"http:\/\/www.zabawki.gorlice.pl\/wp-content\/uploads\/2018\/06\/Karuz_z_projektorem_3w1_4.jpg\" class=\"scale-with-grid wp-post-image\" alt=\"\" loading=\"lazy\" srcset=\"http:\/\/www.zabawki.gorlice.pl\/wp-content\/uploads\/2018\/06\/Karuz_z_projektorem_3w1_4.jpg 580w, http:\/\/www.zabawki.gorlice.pl\/wp-content\/uploads\/2018\/06\/Karuz_z_projektorem_3w1_4-300x181.jpg 300w, http:\/\/www.zabawki.gorlice.pl\/wp-content\/uploads\/2018\/06\/Karuz_z_projektorem_3w1_4-242x146.jpg 242w, http:\/\/www.zabawki.gorlice.pl\/wp-content\/uploads\/2018\/06\/Karuz_z_projektorem_3w1_4-50x30.jpg 50w, http:\/\/www.zabawki.gorlice.pl\/wp-content\/uploads\/2018\/06\/Karuz_z_projektorem_3w1_4-124x75.jpg 124w\" sizes=\"(max-width: 580px) 100vw, 580px\" \/><\/li><\/ul><div class=\"slider_pager slider_pagination\"><\/div><\/div>\n\n<p>&nbsp;<\/p>\n<p>&nbsp;<\/p>\n<p>Witaj w \u015bwiecie Ma\u0142ej Ksi\u0119\u017cniczki &#8211; seria stworzona specjalnie z my\u015bl\u0105 o dziewczynkach.<\/p>\n<p>Ka\u017cde dziecko potrzebuje rutynowego stanu przej\u015bciowego pomi\u0119dzy czasem zabawy i odpoczynku. Karuzela Tiny Love, dzi\u0119ki kombinacji muzyki i ruchu, pobudzi zmys\u0142y Twojego bawi\u0105cego si\u0119 male\u0144stwa, a tak\u017ce umo\u017cliwi mu stopniowe przygotowanie si\u0119 do snu, gdy jest ono \u015bpi\u0105ce.<\/p>\n<p>Unikalny system poruszania si\u0119 karuzeli 4D (zabawki skierowane s\u0105 zawsze w stron\u0119 dziecka) oraz obserwacja uroczych zawieszek &#8222;ta\u0144cz\u0105cych&#8221; do a\u017c 18 r\u00f3\u017cnych melodii rozwijaj\u0105 koordynacj\u0119 wzrokow\u0105 oraz zmys\u0142y dziecka.<\/p>\n<p>Opis zabawki:<\/p>\n<ul>\n<li>unikalny opatentowany ruch karuzeli<\/li>\n<li>pozytywka ze \u015bwiate\u0142kiem nocnym<\/li>\n<li>do 40 minut ci\u0105g\u0142ej, niepowtarzaj\u0105cej si\u0119 muzyki<\/li>\n<li>6 r\u00f3\u017cnych kategorii muzyki; 18 r\u00f3\u017cnych melodii<\/li>\n<li>2 wysokiej jako\u015bci g\u0142o\u015bniki<\/li>\n<li>unikalny przycisk &#8222;shuffle&#8221; &#8211;\u00a0 losowe odtwarzanie muzyki<\/li>\n<li>zabawka &#8222;ro\u015bnie&#8221; razem z dzieckiem &#8211; mo\u017cna j\u0105 zamieni\u0107 w przeno\u015bn\u0105 pozytywk\u0119<\/li>\n<\/ul>\n<p>Wskaz\u00f3wki rozwojowe:<\/p>\n<p>Skomplikowany ruch zwierz\u0105tek zamocowanych na karuzeli sprawia, \u017ce dziecko skupia swoj\u0105 uwag\u0119 na jednym przedmiocie, rozwijaj\u0105c w ten spos\u00f3b zdolno\u015b\u0107 koncentracji.<\/p>\n","protected":false},"excerpt":{"rendered":"<p>&nbsp; &nbsp; Witaj w \u015bwiecie Ma\u0142ej Ksi\u0119\u017cniczki &#8211; seria stworzona specjalnie z my\u015bl\u0105 o dziewczynkach. Ka\u017cde dziecko potrzebuje rutynowego stanu przej\u015bciowego pomi\u0119dzy czasem zabawy i odpoczynku.<span class=\"excerpt-hellip\"> [\u2026]<\/span><\/p>\n","protected":false},"author":1,"featured_media":0,"parent":0,"menu_order":0,"comment_status":"closed","ping_status":"closed","template":"","meta":[],"_links":{"self":[{"href":"http:\/\/www.zabawki.gorlice.pl\/index.php\/wp-json\/wp\/v2\/pages\/591"}],"collection":[{"href":"http:\/\/www.zabawki.gorlice.pl\/index.php\/wp-json\/wp\/v2\/pages"}],"about":[{"href":"http:\/\/www.zabawki.gorlice.pl\/index.php\/wp-json\/wp\/v2\/types\/page"}],"author":[{"embeddable":true,"href":"http:\/\/www.zabawki.gorlice.pl\/index.php\/wp-json\/wp\/v2\/users\/1"}],"replies":[{"embeddable":true,"href":"http:\/\/www.zabawki.gorlice.pl\/index.php\/wp-json\/wp\/v2\/comments?post=591"}],"version-history":[{"count":1,"href":"http:\/\/www.zabawki.gorlice.pl\/index.php\/wp-json\/wp\/v2\/pages\/591\/revisions"}],"predecessor-version":[{"id":592,"href":"http:\/\/www.zabawki.gorlice.pl\/index.php\/wp-json\/wp\/v2\/pages\/591\/revisions\/592"}],"wp:attachment":[{"href":"http:\/\/www.zabawki.gorlice.pl\/index.php\/wp-json\/wp\/v2\/media?parent=591"}],"curies":[{"name":"wp","href":"https:\/\/api.w.org\/{rel}","templated":true}]}}