{"id":615,"date":"2018-06-28T12:16:34","date_gmt":"2018-06-28T10:16:34","guid":{"rendered":"http:\/\/www.zabawki.gorlice.pl\/?page_id=615"},"modified":"2018-06-29T13:51:18","modified_gmt":"2018-06-29T11:51:18","slug":"karuzela-podrozna-mala-ksiezniczka","status":"publish","type":"page","link":"http:\/\/www.zabawki.gorlice.pl\/index.php\/karuzela-podrozna-mala-ksiezniczka\/","title":{"rendered":"Karuzela podr\u00f3\u017cna &#8211; Ma\u0142a ksi\u0119\u017cniczka"},"content":{"rendered":"<div class=\"content_slider \"><ul class=\"content_slider_ul\"><li class=\"content_slider_li_1\"><img width=\"580\" height=\"350\" src=\"http:\/\/www.zabawki.gorlice.pl\/wp-content\/uploads\/2018\/06\/Kar_podrozna_mala_ksiezni_4.jpg\" class=\"scale-with-grid wp-post-image\" alt=\"\" loading=\"lazy\" srcset=\"http:\/\/www.zabawki.gorlice.pl\/wp-content\/uploads\/2018\/06\/Kar_podrozna_mala_ksiezni_4.jpg 580w, http:\/\/www.zabawki.gorlice.pl\/wp-content\/uploads\/2018\/06\/Kar_podrozna_mala_ksiezni_4-300x181.jpg 300w, http:\/\/www.zabawki.gorlice.pl\/wp-content\/uploads\/2018\/06\/Kar_podrozna_mala_ksiezni_4-242x146.jpg 242w, http:\/\/www.zabawki.gorlice.pl\/wp-content\/uploads\/2018\/06\/Kar_podrozna_mala_ksiezni_4-50x30.jpg 50w, http:\/\/www.zabawki.gorlice.pl\/wp-content\/uploads\/2018\/06\/Kar_podrozna_mala_ksiezni_4-124x75.jpg 124w\" sizes=\"(max-width: 580px) 100vw, 580px\" \/><\/li><li class=\"content_slider_li_2\"><img width=\"580\" height=\"350\" src=\"http:\/\/www.zabawki.gorlice.pl\/wp-content\/uploads\/2018\/06\/Kar_podrozna_mala_ksiezni_1.jpg\" class=\"scale-with-grid wp-post-image\" alt=\"\" loading=\"lazy\" srcset=\"http:\/\/www.zabawki.gorlice.pl\/wp-content\/uploads\/2018\/06\/Kar_podrozna_mala_ksiezni_1.jpg 580w, http:\/\/www.zabawki.gorlice.pl\/wp-content\/uploads\/2018\/06\/Kar_podrozna_mala_ksiezni_1-300x181.jpg 300w, http:\/\/www.zabawki.gorlice.pl\/wp-content\/uploads\/2018\/06\/Kar_podrozna_mala_ksiezni_1-242x146.jpg 242w, http:\/\/www.zabawki.gorlice.pl\/wp-content\/uploads\/2018\/06\/Kar_podrozna_mala_ksiezni_1-50x30.jpg 50w, http:\/\/www.zabawki.gorlice.pl\/wp-content\/uploads\/2018\/06\/Kar_podrozna_mala_ksiezni_1-124x75.jpg 124w\" sizes=\"(max-width: 580px) 100vw, 580px\" \/><\/li><li class=\"content_slider_li_3\"><img width=\"580\" height=\"350\" src=\"http:\/\/www.zabawki.gorlice.pl\/wp-content\/uploads\/2018\/06\/Kar_podrozna_mala_ksiezni_2.jpg\" class=\"scale-with-grid wp-post-image\" alt=\"\" loading=\"lazy\" srcset=\"http:\/\/www.zabawki.gorlice.pl\/wp-content\/uploads\/2018\/06\/Kar_podrozna_mala_ksiezni_2.jpg 580w, http:\/\/www.zabawki.gorlice.pl\/wp-content\/uploads\/2018\/06\/Kar_podrozna_mala_ksiezni_2-300x181.jpg 300w, http:\/\/www.zabawki.gorlice.pl\/wp-content\/uploads\/2018\/06\/Kar_podrozna_mala_ksiezni_2-242x146.jpg 242w, http:\/\/www.zabawki.gorlice.pl\/wp-content\/uploads\/2018\/06\/Kar_podrozna_mala_ksiezni_2-50x30.jpg 50w, http:\/\/www.zabawki.gorlice.pl\/wp-content\/uploads\/2018\/06\/Kar_podrozna_mala_ksiezni_2-124x75.jpg 124w\" sizes=\"(max-width: 580px) 100vw, 580px\" \/><\/li><li class=\"content_slider_li_4\"><img width=\"580\" height=\"350\" src=\"http:\/\/www.zabawki.gorlice.pl\/wp-content\/uploads\/2018\/06\/Kar_podrozna_mala_ksiezni_3.jpg\" class=\"scale-with-grid wp-post-image\" alt=\"\" loading=\"lazy\" srcset=\"http:\/\/www.zabawki.gorlice.pl\/wp-content\/uploads\/2018\/06\/Kar_podrozna_mala_ksiezni_3.jpg 580w, http:\/\/www.zabawki.gorlice.pl\/wp-content\/uploads\/2018\/06\/Kar_podrozna_mala_ksiezni_3-300x181.jpg 300w, http:\/\/www.zabawki.gorlice.pl\/wp-content\/uploads\/2018\/06\/Kar_podrozna_mala_ksiezni_3-242x146.jpg 242w, http:\/\/www.zabawki.gorlice.pl\/wp-content\/uploads\/2018\/06\/Kar_podrozna_mala_ksiezni_3-50x30.jpg 50w, http:\/\/www.zabawki.gorlice.pl\/wp-content\/uploads\/2018\/06\/Kar_podrozna_mala_ksiezni_3-124x75.jpg 124w\" sizes=\"(max-width: 580px) 100vw, 580px\" \/><\/li><li class=\"content_slider_li_5\"><img width=\"580\" height=\"350\" src=\"http:\/\/www.zabawki.gorlice.pl\/wp-content\/uploads\/2018\/06\/Kar_podrozna_mala_ksiezni_5.jpg\" class=\"scale-with-grid wp-post-image\" alt=\"\" loading=\"lazy\" srcset=\"http:\/\/www.zabawki.gorlice.pl\/wp-content\/uploads\/2018\/06\/Kar_podrozna_mala_ksiezni_5.jpg 580w, http:\/\/www.zabawki.gorlice.pl\/wp-content\/uploads\/2018\/06\/Kar_podrozna_mala_ksiezni_5-300x181.jpg 300w, http:\/\/www.zabawki.gorlice.pl\/wp-content\/uploads\/2018\/06\/Kar_podrozna_mala_ksiezni_5-242x146.jpg 242w, http:\/\/www.zabawki.gorlice.pl\/wp-content\/uploads\/2018\/06\/Kar_podrozna_mala_ksiezni_5-50x30.jpg 50w, http:\/\/www.zabawki.gorlice.pl\/wp-content\/uploads\/2018\/06\/Kar_podrozna_mala_ksiezni_5-124x75.jpg 124w\" sizes=\"(max-width: 580px) 100vw, 580px\" \/><\/li><\/ul><div class=\"slider_pager slider_pagination\"><\/div><\/div>\n\n<p>&nbsp;<\/p>\n<p>&nbsp;<\/p>\n<p>Ka\u017cde dziecko potrzebuje rutynowego stanu przej\u015bciowego pomi\u0119dzy czasem zabawy i odpoczynku. Karuzela Tiny Love, dzi\u0119ki kombinacji muzyki i ruchu, pobudzi zmys\u0142y Twojego bawi\u0105cego si\u0119 male\u0144stwa, a tak\u017ce umo\u017cliwi mu stopniowe przygotowanie si\u0119 do snu, gdy jest ono \u015bpi\u0105ce.<\/p>\n<p>Urocza muzyczna Karuzela podr\u00f3\u017cna &#8211; Ma\u0142a ksi\u0119\u017cniczka to jedna z pierwszych zabawek Maluszka. T\u0105 wyj\u0105tkow\u0105 przeno\u015bn\u0105 karuzel\u0119 podr\u00f3\u017cn\u0105 mo\u017cesz zabra\u0107 prawie wsz\u0119dzie.<\/p>\n<ul>\n<li>karuzela odtwarza nieprzerwanie 5 melodii do 40 minut &#8211; muzyka\u00a0 zajmuje i relaksuje Twoj\u0105 Pociech\u0119 jednocze\u015bnie wzmacnia rozw\u00f3j sensoryczny<\/li>\n<li>karuzela posiada kolorowe, pluszowe zwisaj\u0105ce maskotki &#8211; kwiatuszek, pszcz\u00f3\u0142ka, motylek, kt\u00f3re obracaj\u0105 si\u0119 spokojnym rytmem o 360 stopni<\/li>\n<li>uniwersalne zapi\u0119cie pasuje do wi\u0119kszo\u015bci \u0142\u00f3\u017ceczek podr\u00f3\u017cnych, kojc\u00f3w, fotelik\u00f3w samochodowych, w\u00f3zk\u00f3w i ko\u0142ysek<\/li>\n<\/ul>\n<p>Wskaz\u00f3wki rozwojowe:<\/p>\n<p>0-3 miesi\u0119cy<br \/>\nDziecko b\u0119dzie czu\u0107 si\u0119 swobodnie i bezpiecznie kiedy karuzela, kt\u00f3r\u0105 dobrze zna, b\u0119dzie mu towarzyszy\u0107 podczas wszelkich podr\u00f3\u017cy.<\/p>\n","protected":false},"excerpt":{"rendered":"<p>&nbsp; &nbsp; Ka\u017cde dziecko potrzebuje rutynowego stanu przej\u015bciowego pomi\u0119dzy czasem zabawy i odpoczynku. Karuzela Tiny Love, dzi\u0119ki kombinacji muzyki i ruchu, pobudzi zmys\u0142y Twojego bawi\u0105cego si\u0119<span class=\"excerpt-hellip\"> [\u2026]<\/span><\/p>\n","protected":false},"author":1,"featured_media":0,"parent":0,"menu_order":0,"comment_status":"closed","ping_status":"closed","template":"","meta":[],"_links":{"self":[{"href":"http:\/\/www.zabawki.gorlice.pl\/index.php\/wp-json\/wp\/v2\/pages\/615"}],"collection":[{"href":"http:\/\/www.zabawki.gorlice.pl\/index.php\/wp-json\/wp\/v2\/pages"}],"about":[{"href":"http:\/\/www.zabawki.gorlice.pl\/index.php\/wp-json\/wp\/v2\/types\/page"}],"author":[{"embeddable":true,"href":"http:\/\/www.zabawki.gorlice.pl\/index.php\/wp-json\/wp\/v2\/users\/1"}],"replies":[{"embeddable":true,"href":"http:\/\/www.zabawki.gorlice.pl\/index.php\/wp-json\/wp\/v2\/comments?post=615"}],"version-history":[{"count":5,"href":"http:\/\/www.zabawki.gorlice.pl\/index.php\/wp-json\/wp\/v2\/pages\/615\/revisions"}],"predecessor-version":[{"id":661,"href":"http:\/\/www.zabawki.gorlice.pl\/index.php\/wp-json\/wp\/v2\/pages\/615\/revisions\/661"}],"wp:attachment":[{"href":"http:\/\/www.zabawki.gorlice.pl\/index.php\/wp-json\/wp\/v2\/media?parent=615"}],"curies":[{"name":"wp","href":"https:\/\/api.w.org\/{rel}","templated":true}]}}