{"id":664,"date":"2018-06-29T13:57:10","date_gmt":"2018-06-29T11:57:10","guid":{"rendered":"http:\/\/www.zabawki.gorlice.pl\/?page_id=664"},"modified":"2018-07-04T14:37:53","modified_gmt":"2018-07-04T12:37:53","slug":"zawieszki","status":"publish","type":"page","link":"http:\/\/www.zabawki.gorlice.pl\/index.php\/zawieszki\/","title":{"rendered":"Zawieszki"},"content":{"rendered":"<p style=\"text-align: justify;\">Zawieszki maskotki nale\u017c\u0105 do ulubionych zabawek dzieci\u0119cych. Upodobanie do mi\u0119kkich, sympatycznych zwierz\u0105tek z pluszu jest niezmienne od wielu, wielu lat. Nic nie stoi jednak na przeszkodzie, aby i maskotka by\u0142a nowoczesna \u2013 interaktywna.<br \/>\nOdpowiednio uszyte zawieszki towarzysz\u0105 dzieciom ju\u017c od najwcze\u015bniejszych miesi\u0119cy \u017cycia. Nawet, kiedy dziecko nie bawi si\u0119 jeszcze zabawkami, mi\u0119kka, przyjemna w dotyku zawieszka to idealny towarzysz snu. Z czasem maskotki staj\u0105 si\u0119 prawdziwymi przyjaci\u00f3\u0142mi \u2013 nie tylko zajmuj\u0105 wa\u017cne miejsce przy \u0142\u00f3\u017ceczku, ale s\u0105 bohaterami niezliczonych scenek i zabaw odgrywanych przez dzieci, czy te\u017c pe\u0142ni\u0105 funkcj\u0119 ulubionych \u201epocieszaczy\u201d, do kt\u00f3rych mo\u017cna si\u0119 przytuli\u0107 w ka\u017cdej sytuacji. Zawieszki przeznaczone dla niemowl\u0105t musz\u0105 by\u0107 specjalnie wykonane i oznaczone, \u017ce nadaj\u0105 si\u0119 dla tak ma\u0142ych dzieci.<\/p>\n","protected":false},"excerpt":{"rendered":"<p>Zawieszki maskotki nale\u017c\u0105 do ulubionych zabawek dzieci\u0119cych. Upodobanie do mi\u0119kkich, sympatycznych zwierz\u0105tek z pluszu jest niezmienne od wielu, wielu lat. Nic nie stoi jednak na przeszkodzie,<span class=\"excerpt-hellip\"> [\u2026]<\/span><\/p>\n","protected":false},"author":1,"featured_media":0,"parent":0,"menu_order":0,"comment_status":"closed","ping_status":"closed","template":"","meta":[],"_links":{"self":[{"href":"http:\/\/www.zabawki.gorlice.pl\/index.php\/wp-json\/wp\/v2\/pages\/664"}],"collection":[{"href":"http:\/\/www.zabawki.gorlice.pl\/index.php\/wp-json\/wp\/v2\/pages"}],"about":[{"href":"http:\/\/www.zabawki.gorlice.pl\/index.php\/wp-json\/wp\/v2\/types\/page"}],"author":[{"embeddable":true,"href":"http:\/\/www.zabawki.gorlice.pl\/index.php\/wp-json\/wp\/v2\/users\/1"}],"replies":[{"embeddable":true,"href":"http:\/\/www.zabawki.gorlice.pl\/index.php\/wp-json\/wp\/v2\/comments?post=664"}],"version-history":[{"count":3,"href":"http:\/\/www.zabawki.gorlice.pl\/index.php\/wp-json\/wp\/v2\/pages\/664\/revisions"}],"predecessor-version":[{"id":862,"href":"http:\/\/www.zabawki.gorlice.pl\/index.php\/wp-json\/wp\/v2\/pages\/664\/revisions\/862"}],"wp:attachment":[{"href":"http:\/\/www.zabawki.gorlice.pl\/index.php\/wp-json\/wp\/v2\/media?parent=664"}],"curies":[{"name":"wp","href":"https:\/\/api.w.org\/{rel}","templated":true}]}}