{"id":674,"date":"2018-06-29T14:08:13","date_gmt":"2018-06-29T12:08:13","guid":{"rendered":"http:\/\/www.zabawki.gorlice.pl\/?page_id=674"},"modified":"2018-06-29T14:08:13","modified_gmt":"2018-06-29T12:08:13","slug":"zawieszka-tiny-smarts-wibrujacy-mis-izzy","status":"publish","type":"page","link":"http:\/\/www.zabawki.gorlice.pl\/index.php\/zawieszka-tiny-smarts-wibrujacy-mis-izzy\/","title":{"rendered":"Zawieszka Tiny Smarts &#8211; wibruj\u0105cy Mi\u015b Izzy"},"content":{"rendered":"<p>&nbsp;<\/p>\n<div class=\"content_slider \"><ul class=\"content_slider_ul\"><li class=\"content_slider_li_1\"><img width=\"580\" height=\"350\" src=\"http:\/\/www.zabawki.gorlice.pl\/wp-content\/uploads\/2018\/06\/zaw_mis_izzy_1.jpg\" class=\"scale-with-grid wp-post-image\" alt=\"\" loading=\"lazy\" srcset=\"http:\/\/www.zabawki.gorlice.pl\/wp-content\/uploads\/2018\/06\/zaw_mis_izzy_1.jpg 580w, http:\/\/www.zabawki.gorlice.pl\/wp-content\/uploads\/2018\/06\/zaw_mis_izzy_1-300x181.jpg 300w, http:\/\/www.zabawki.gorlice.pl\/wp-content\/uploads\/2018\/06\/zaw_mis_izzy_1-242x146.jpg 242w, http:\/\/www.zabawki.gorlice.pl\/wp-content\/uploads\/2018\/06\/zaw_mis_izzy_1-50x30.jpg 50w, http:\/\/www.zabawki.gorlice.pl\/wp-content\/uploads\/2018\/06\/zaw_mis_izzy_1-124x75.jpg 124w\" sizes=\"(max-width: 580px) 100vw, 580px\" \/><\/li><li class=\"content_slider_li_2\"><img width=\"580\" height=\"350\" src=\"http:\/\/www.zabawki.gorlice.pl\/wp-content\/uploads\/2018\/06\/zaw_mis_izzy_2.jpg\" class=\"scale-with-grid wp-post-image\" alt=\"\" loading=\"lazy\" srcset=\"http:\/\/www.zabawki.gorlice.pl\/wp-content\/uploads\/2018\/06\/zaw_mis_izzy_2.jpg 580w, http:\/\/www.zabawki.gorlice.pl\/wp-content\/uploads\/2018\/06\/zaw_mis_izzy_2-300x181.jpg 300w, http:\/\/www.zabawki.gorlice.pl\/wp-content\/uploads\/2018\/06\/zaw_mis_izzy_2-242x146.jpg 242w, http:\/\/www.zabawki.gorlice.pl\/wp-content\/uploads\/2018\/06\/zaw_mis_izzy_2-50x30.jpg 50w, http:\/\/www.zabawki.gorlice.pl\/wp-content\/uploads\/2018\/06\/zaw_mis_izzy_2-124x75.jpg 124w\" sizes=\"(max-width: 580px) 100vw, 580px\" \/><\/li><li class=\"content_slider_li_3\"><img width=\"580\" height=\"350\" src=\"http:\/\/www.zabawki.gorlice.pl\/wp-content\/uploads\/2018\/06\/zaw_mis_izzy_3.jpg\" class=\"scale-with-grid wp-post-image\" alt=\"\" loading=\"lazy\" srcset=\"http:\/\/www.zabawki.gorlice.pl\/wp-content\/uploads\/2018\/06\/zaw_mis_izzy_3.jpg 580w, http:\/\/www.zabawki.gorlice.pl\/wp-content\/uploads\/2018\/06\/zaw_mis_izzy_3-300x181.jpg 300w, http:\/\/www.zabawki.gorlice.pl\/wp-content\/uploads\/2018\/06\/zaw_mis_izzy_3-242x146.jpg 242w, http:\/\/www.zabawki.gorlice.pl\/wp-content\/uploads\/2018\/06\/zaw_mis_izzy_3-50x30.jpg 50w, http:\/\/www.zabawki.gorlice.pl\/wp-content\/uploads\/2018\/06\/zaw_mis_izzy_3-124x75.jpg 124w\" sizes=\"(max-width: 580px) 100vw, 580px\" \/><\/li><\/ul><div class=\"slider_pager slider_pagination\"><\/div><\/div>\n\n<p>&nbsp;<\/p>\n<p>Wielokolorowa wibruj\u0105ca zawieszka &#8211; Mi\u015b Izzy<\/p>\n<div class=\"paragraph-body dark_grey\">\n<div class=\"paragraph-text\">\n<div id=\"playngrow_paragraph1\" class=\"tab-paragraph show tab-playngrow\">\n<div class=\"paragraph-body dark_grey\">\n<div class=\"paragraph-text\">\n<ul>\n<li>Urocza zawieszka wibruj\u0105ca z klipsem, kt\u00f3ra\u00a0stymuluje zmys\u0142y i pomaga rozwija\u0107 ruchy precyzyjne dziecka<\/li>\n<li>Bogata, kontrastowa kolorystyka\u00a0szczeg\u00f3lnie odpowiednia dla ma\u0142ych dzieci<\/li>\n<li>Zawieszka z kolekcji \u015awiat Ma\u0142ej Ksi\u0119\u017cniczki<\/li>\n<\/ul>\n<p>Cechy:<\/p>\n<ul>\n<li>Wibruj\u0105cy element<\/li>\n<li>Klips dla \u0142atwego mocowania<\/li>\n<li>R\u00f3\u017cne zabawne, mi\u0119kkie tekstury<\/li>\n<li>Szeleszcz\u0105cy materia\u0142<\/li>\n<li>\u0141atwy do chwycenia gryzaczek<\/li>\n<\/ul>\n<p>Wskaz\u00f3wki rozwojowe:<\/p>\n<p>U\u017cyj klipsu aby przymocowa\u0107 zawieszk\u0119 na foteliku samochodowym, w\u00f3zku lub \u0142\u00f3\u017ceczku dziecka. Zawieszka b\u0119dzie towrzyszy\u0107 male\u0144stwu w ka\u017cdym momencie!<\/p>\n<p>0-2 miesi\u0105ce<br \/>\nTrzymaj zawieszk\u0119 w odleg\u0142o\u015bci ok. 25 cm od twarzy dziecka. Gdy dziecko skupi swoj\u0105 uwag\u0119 na zawieszce, powoli poruszaj ni\u0105 z boku na bok.<\/p>\n<p>2-4 miesi\u0105ce<br \/>\nUpewnij si\u0119, \u017ce zawieszka nie jest zamocowana w zasi\u0119gu r\u0119ki dziecka &#8211; aby dotkn\u0105\u0107 zawieszk\u0119 dziecko b\u0119dzie musia\u0142o si\u0119 pochyli\u0107. W efekcie dotkni\u0119cie zawieszki wprawi j\u0105 w ruch i ko\u0142ysanie co zaciekawi dziecko i zach\u0119ci do dalszej zabawy.<\/p>\n<p>4-6 miesi\u0105ce<br \/>\nDziecko zaczyna kontrolowa\u0107 ruchy r\u0119k\u0105 i \u0142apa\u0107 zwisaj\u0105ce zabawki. Poci\u0105gni\u0119cie kr\u00f3liczka sprawia, \u017ce zaczyna wibrowa\u0107.<\/p>\n<\/div>\n<\/div>\n<\/div>\n<\/div>\n<\/div>\n","protected":false},"excerpt":{"rendered":"<p>&nbsp; &nbsp; Wielokolorowa wibruj\u0105ca zawieszka &#8211; Mi\u015b Izzy Urocza zawieszka wibruj\u0105ca z klipsem, kt\u00f3ra\u00a0stymuluje zmys\u0142y i pomaga rozwija\u0107 ruchy precyzyjne dziecka Bogata, kontrastowa kolorystyka\u00a0szczeg\u00f3lnie odpowiednia dla<span class=\"excerpt-hellip\"> [\u2026]<\/span><\/p>\n","protected":false},"author":1,"featured_media":0,"parent":0,"menu_order":0,"comment_status":"closed","ping_status":"closed","template":"","meta":[],"_links":{"self":[{"href":"http:\/\/www.zabawki.gorlice.pl\/index.php\/wp-json\/wp\/v2\/pages\/674"}],"collection":[{"href":"http:\/\/www.zabawki.gorlice.pl\/index.php\/wp-json\/wp\/v2\/pages"}],"about":[{"href":"http:\/\/www.zabawki.gorlice.pl\/index.php\/wp-json\/wp\/v2\/types\/page"}],"author":[{"embeddable":true,"href":"http:\/\/www.zabawki.gorlice.pl\/index.php\/wp-json\/wp\/v2\/users\/1"}],"replies":[{"embeddable":true,"href":"http:\/\/www.zabawki.gorlice.pl\/index.php\/wp-json\/wp\/v2\/comments?post=674"}],"version-history":[{"count":1,"href":"http:\/\/www.zabawki.gorlice.pl\/index.php\/wp-json\/wp\/v2\/pages\/674\/revisions"}],"predecessor-version":[{"id":675,"href":"http:\/\/www.zabawki.gorlice.pl\/index.php\/wp-json\/wp\/v2\/pages\/674\/revisions\/675"}],"wp:attachment":[{"href":"http:\/\/www.zabawki.gorlice.pl\/index.php\/wp-json\/wp\/v2\/media?parent=674"}],"curies":[{"name":"wp","href":"https:\/\/api.w.org\/{rel}","templated":true}]}}