{"id":831,"date":"2018-07-04T12:34:54","date_gmt":"2018-07-04T10:34:54","guid":{"rendered":"http:\/\/www.zabawki.gorlice.pl\/?page_id=831"},"modified":"2018-07-04T12:34:54","modified_gmt":"2018-07-04T10:34:54","slug":"zawieszka-tiny-smarts-podskakujaca-jezyk-marie-z-gryzakiem","status":"publish","type":"page","link":"http:\/\/www.zabawki.gorlice.pl\/index.php\/zawieszka-tiny-smarts-podskakujaca-jezyk-marie-z-gryzakiem\/","title":{"rendered":"Zawieszka Tiny Smarts podskakuj\u0105ca &#8211; Je\u017cyk Marie z gryzakiem"},"content":{"rendered":"<div class=\"content_slider \"><ul class=\"content_slider_ul\"><li class=\"content_slider_li_1\"><img width=\"580\" height=\"350\" src=\"http:\/\/www.zabawki.gorlice.pl\/wp-content\/uploads\/2018\/07\/zawieszka_jez_1.jpg\" class=\"scale-with-grid wp-post-image\" alt=\"\" loading=\"lazy\" srcset=\"http:\/\/www.zabawki.gorlice.pl\/wp-content\/uploads\/2018\/07\/zawieszka_jez_1.jpg 580w, http:\/\/www.zabawki.gorlice.pl\/wp-content\/uploads\/2018\/07\/zawieszka_jez_1-300x181.jpg 300w, http:\/\/www.zabawki.gorlice.pl\/wp-content\/uploads\/2018\/07\/zawieszka_jez_1-242x146.jpg 242w, http:\/\/www.zabawki.gorlice.pl\/wp-content\/uploads\/2018\/07\/zawieszka_jez_1-50x30.jpg 50w, http:\/\/www.zabawki.gorlice.pl\/wp-content\/uploads\/2018\/07\/zawieszka_jez_1-124x75.jpg 124w\" sizes=\"(max-width: 580px) 100vw, 580px\" \/><\/li><li class=\"content_slider_li_2\"><img width=\"580\" height=\"350\" src=\"http:\/\/www.zabawki.gorlice.pl\/wp-content\/uploads\/2018\/07\/zawieszka_jez_2.jpg\" class=\"scale-with-grid wp-post-image\" alt=\"\" loading=\"lazy\" srcset=\"http:\/\/www.zabawki.gorlice.pl\/wp-content\/uploads\/2018\/07\/zawieszka_jez_2.jpg 580w, http:\/\/www.zabawki.gorlice.pl\/wp-content\/uploads\/2018\/07\/zawieszka_jez_2-300x181.jpg 300w, http:\/\/www.zabawki.gorlice.pl\/wp-content\/uploads\/2018\/07\/zawieszka_jez_2-242x146.jpg 242w, http:\/\/www.zabawki.gorlice.pl\/wp-content\/uploads\/2018\/07\/zawieszka_jez_2-50x30.jpg 50w, http:\/\/www.zabawki.gorlice.pl\/wp-content\/uploads\/2018\/07\/zawieszka_jez_2-124x75.jpg 124w\" sizes=\"(max-width: 580px) 100vw, 580px\" \/><\/li><li class=\"content_slider_li_3\"><img width=\"580\" height=\"350\" src=\"http:\/\/www.zabawki.gorlice.pl\/wp-content\/uploads\/2018\/07\/zawieszka_jez_3.jpg\" class=\"scale-with-grid wp-post-image\" alt=\"\" loading=\"lazy\" srcset=\"http:\/\/www.zabawki.gorlice.pl\/wp-content\/uploads\/2018\/07\/zawieszka_jez_3.jpg 580w, http:\/\/www.zabawki.gorlice.pl\/wp-content\/uploads\/2018\/07\/zawieszka_jez_3-300x181.jpg 300w, http:\/\/www.zabawki.gorlice.pl\/wp-content\/uploads\/2018\/07\/zawieszka_jez_3-242x146.jpg 242w, http:\/\/www.zabawki.gorlice.pl\/wp-content\/uploads\/2018\/07\/zawieszka_jez_3-50x30.jpg 50w, http:\/\/www.zabawki.gorlice.pl\/wp-content\/uploads\/2018\/07\/zawieszka_jez_3-124x75.jpg 124w\" sizes=\"(max-width: 580px) 100vw, 580px\" \/><\/li><li class=\"content_slider_li_4\"><img width=\"580\" height=\"350\" src=\"http:\/\/www.zabawki.gorlice.pl\/wp-content\/uploads\/2018\/07\/zawieszka_jez_4.jpg\" class=\"scale-with-grid wp-post-image\" alt=\"\" loading=\"lazy\" srcset=\"http:\/\/www.zabawki.gorlice.pl\/wp-content\/uploads\/2018\/07\/zawieszka_jez_4.jpg 580w, http:\/\/www.zabawki.gorlice.pl\/wp-content\/uploads\/2018\/07\/zawieszka_jez_4-300x181.jpg 300w, http:\/\/www.zabawki.gorlice.pl\/wp-content\/uploads\/2018\/07\/zawieszka_jez_4-242x146.jpg 242w, http:\/\/www.zabawki.gorlice.pl\/wp-content\/uploads\/2018\/07\/zawieszka_jez_4-50x30.jpg 50w, http:\/\/www.zabawki.gorlice.pl\/wp-content\/uploads\/2018\/07\/zawieszka_jez_4-124x75.jpg 124w\" sizes=\"(max-width: 580px) 100vw, 580px\" \/><\/li><li class=\"content_slider_li_5\"><img width=\"580\" height=\"350\" src=\"http:\/\/www.zabawki.gorlice.pl\/wp-content\/uploads\/2018\/07\/zawieszka_jez_5.jpg\" class=\"scale-with-grid wp-post-image\" alt=\"\" loading=\"lazy\" srcset=\"http:\/\/www.zabawki.gorlice.pl\/wp-content\/uploads\/2018\/07\/zawieszka_jez_5.jpg 580w, http:\/\/www.zabawki.gorlice.pl\/wp-content\/uploads\/2018\/07\/zawieszka_jez_5-300x181.jpg 300w, http:\/\/www.zabawki.gorlice.pl\/wp-content\/uploads\/2018\/07\/zawieszka_jez_5-242x146.jpg 242w, http:\/\/www.zabawki.gorlice.pl\/wp-content\/uploads\/2018\/07\/zawieszka_jez_5-50x30.jpg 50w, http:\/\/www.zabawki.gorlice.pl\/wp-content\/uploads\/2018\/07\/zawieszka_jez_5-124x75.jpg 124w\" sizes=\"(max-width: 580px) 100vw, 580px\" \/><\/li><li class=\"content_slider_li_6\"><img width=\"580\" height=\"350\" src=\"http:\/\/www.zabawki.gorlice.pl\/wp-content\/uploads\/2018\/07\/zawieszka_jez_6.jpg\" class=\"scale-with-grid wp-post-image\" alt=\"\" loading=\"lazy\" srcset=\"http:\/\/www.zabawki.gorlice.pl\/wp-content\/uploads\/2018\/07\/zawieszka_jez_6.jpg 580w, http:\/\/www.zabawki.gorlice.pl\/wp-content\/uploads\/2018\/07\/zawieszka_jez_6-300x181.jpg 300w, http:\/\/www.zabawki.gorlice.pl\/wp-content\/uploads\/2018\/07\/zawieszka_jez_6-242x146.jpg 242w, http:\/\/www.zabawki.gorlice.pl\/wp-content\/uploads\/2018\/07\/zawieszka_jez_6-50x30.jpg 50w, http:\/\/www.zabawki.gorlice.pl\/wp-content\/uploads\/2018\/07\/zawieszka_jez_6-124x75.jpg 124w\" sizes=\"(max-width: 580px) 100vw, 580px\" \/><\/li><\/ul><div class=\"slider_pager slider_pagination\"><\/div><\/div>\n\n<p>&nbsp;<\/p>\n<p>&nbsp;<\/p>\n<p>Wielokolorowa podskakuj\u0105ca zawieszka &#8211; Je\u017cyk Marie<\/p>\n<ul>\n<li>Urocza podskakuj\u0105ca zawieszka z klipsem, kt\u00f3ra stymuluje zmys\u0142y i pomaga rozwija\u0107 ruchy precyzyjne dziecka<\/li>\n<li>Bogata, kontrastowa kolorystyka szczeg\u00f3lnie odpowiednia dla ma\u0142ych dzieci<\/li>\n<li>Posta\u0107 Marii, stale u\u015bmiechni\u0119tego, ciekawego je\u017cyka, kt\u00f3ry zosta\u0142 nazwany na cze\u015b\u0107 Marii Sk\u0142odowskiej-Curie<\/li>\n<li>Zawieszka z kolekcji Zabawa na \u0142\u0105ce! Zach\u0119ca do rozwoju dziecka poprzez inspiruj\u0105ce momenty zaskoczenia<\/li>\n<\/ul>\n<p>Cechy:<\/p>\n<ul>\n<li>Podskakuj\u0105cy mechanizm<\/li>\n<li>Klips dla \u0142atwego mocowania<\/li>\n<li>R\u00f3\u017cne zabawne, mi\u0119kkie tekstury<\/li>\n<li>Szeleszcz\u0105cy materia\u0142<\/li>\n<li>\u0141atwy do chwycenia gryzaczek<\/li>\n<\/ul>\n","protected":false},"excerpt":{"rendered":"<p>&nbsp; &nbsp; Wielokolorowa podskakuj\u0105ca zawieszka &#8211; Je\u017cyk Marie Urocza podskakuj\u0105ca zawieszka z klipsem, kt\u00f3ra stymuluje zmys\u0142y i pomaga rozwija\u0107 ruchy precyzyjne dziecka Bogata, kontrastowa kolorystyka szczeg\u00f3lnie<span class=\"excerpt-hellip\"> [\u2026]<\/span><\/p>\n","protected":false},"author":1,"featured_media":0,"parent":0,"menu_order":0,"comment_status":"closed","ping_status":"closed","template":"","meta":[],"_links":{"self":[{"href":"http:\/\/www.zabawki.gorlice.pl\/index.php\/wp-json\/wp\/v2\/pages\/831"}],"collection":[{"href":"http:\/\/www.zabawki.gorlice.pl\/index.php\/wp-json\/wp\/v2\/pages"}],"about":[{"href":"http:\/\/www.zabawki.gorlice.pl\/index.php\/wp-json\/wp\/v2\/types\/page"}],"author":[{"embeddable":true,"href":"http:\/\/www.zabawki.gorlice.pl\/index.php\/wp-json\/wp\/v2\/users\/1"}],"replies":[{"embeddable":true,"href":"http:\/\/www.zabawki.gorlice.pl\/index.php\/wp-json\/wp\/v2\/comments?post=831"}],"version-history":[{"count":1,"href":"http:\/\/www.zabawki.gorlice.pl\/index.php\/wp-json\/wp\/v2\/pages\/831\/revisions"}],"predecessor-version":[{"id":832,"href":"http:\/\/www.zabawki.gorlice.pl\/index.php\/wp-json\/wp\/v2\/pages\/831\/revisions\/832"}],"wp:attachment":[{"href":"http:\/\/www.zabawki.gorlice.pl\/index.php\/wp-json\/wp\/v2\/media?parent=831"}],"curies":[{"name":"wp","href":"https:\/\/api.w.org\/{rel}","templated":true}]}}