{"id":872,"date":"2018-07-04T14:03:27","date_gmt":"2018-07-04T12:03:27","guid":{"rendered":"http:\/\/www.zabawki.gorlice.pl\/?page_id=872"},"modified":"2018-07-04T14:03:27","modified_gmt":"2018-07-04T12:03:27","slug":"zawieszka-tiny-smarts-dzwoneczek-lisek-christopher","status":"publish","type":"page","link":"http:\/\/www.zabawki.gorlice.pl\/index.php\/zawieszka-tiny-smarts-dzwoneczek-lisek-christopher\/","title":{"rendered":"Zawieszka Tiny Smarts dzwoneczek &#8211; Lisek Christopher"},"content":{"rendered":"<div class=\"content_slider \"><ul class=\"content_slider_ul\"><li class=\"content_slider_li_1\"><img width=\"580\" height=\"350\" src=\"http:\/\/www.zabawki.gorlice.pl\/wp-content\/uploads\/2018\/07\/zawie_dzwo_lis_1.jpg\" class=\"scale-with-grid wp-post-image\" alt=\"\" loading=\"lazy\" srcset=\"http:\/\/www.zabawki.gorlice.pl\/wp-content\/uploads\/2018\/07\/zawie_dzwo_lis_1.jpg 580w, http:\/\/www.zabawki.gorlice.pl\/wp-content\/uploads\/2018\/07\/zawie_dzwo_lis_1-300x181.jpg 300w, http:\/\/www.zabawki.gorlice.pl\/wp-content\/uploads\/2018\/07\/zawie_dzwo_lis_1-242x146.jpg 242w, http:\/\/www.zabawki.gorlice.pl\/wp-content\/uploads\/2018\/07\/zawie_dzwo_lis_1-50x30.jpg 50w, http:\/\/www.zabawki.gorlice.pl\/wp-content\/uploads\/2018\/07\/zawie_dzwo_lis_1-124x75.jpg 124w\" sizes=\"(max-width: 580px) 100vw, 580px\" \/><\/li><li class=\"content_slider_li_2\"><img width=\"580\" height=\"350\" src=\"http:\/\/www.zabawki.gorlice.pl\/wp-content\/uploads\/2018\/07\/zawie_dzwo_lis_3.jpg\" class=\"scale-with-grid wp-post-image\" alt=\"\" loading=\"lazy\" srcset=\"http:\/\/www.zabawki.gorlice.pl\/wp-content\/uploads\/2018\/07\/zawie_dzwo_lis_3.jpg 580w, http:\/\/www.zabawki.gorlice.pl\/wp-content\/uploads\/2018\/07\/zawie_dzwo_lis_3-300x181.jpg 300w, http:\/\/www.zabawki.gorlice.pl\/wp-content\/uploads\/2018\/07\/zawie_dzwo_lis_3-242x146.jpg 242w, http:\/\/www.zabawki.gorlice.pl\/wp-content\/uploads\/2018\/07\/zawie_dzwo_lis_3-50x30.jpg 50w, http:\/\/www.zabawki.gorlice.pl\/wp-content\/uploads\/2018\/07\/zawie_dzwo_lis_3-124x75.jpg 124w\" sizes=\"(max-width: 580px) 100vw, 580px\" \/><\/li><li class=\"content_slider_li_3\"><img width=\"580\" height=\"350\" src=\"http:\/\/www.zabawki.gorlice.pl\/wp-content\/uploads\/2018\/07\/zawie_dzwo_lis_2.jpg\" class=\"scale-with-grid wp-post-image\" alt=\"\" loading=\"lazy\" srcset=\"http:\/\/www.zabawki.gorlice.pl\/wp-content\/uploads\/2018\/07\/zawie_dzwo_lis_2.jpg 580w, http:\/\/www.zabawki.gorlice.pl\/wp-content\/uploads\/2018\/07\/zawie_dzwo_lis_2-300x181.jpg 300w, http:\/\/www.zabawki.gorlice.pl\/wp-content\/uploads\/2018\/07\/zawie_dzwo_lis_2-242x146.jpg 242w, http:\/\/www.zabawki.gorlice.pl\/wp-content\/uploads\/2018\/07\/zawie_dzwo_lis_2-50x30.jpg 50w, http:\/\/www.zabawki.gorlice.pl\/wp-content\/uploads\/2018\/07\/zawie_dzwo_lis_2-124x75.jpg 124w\" sizes=\"(max-width: 580px) 100vw, 580px\" \/><\/li><\/ul><div class=\"slider_pager slider_pagination\"><\/div><\/div>\n\n<p>&nbsp;<\/p>\n<p>&nbsp;<\/p>\n<p>Zawieszka wydaj\u0105ca delikatne d\u017awi\u0119ki dzwoneczka &#8211; Lisek Christopher<\/p>\n<ul>\n<li>Urocza zawieszka dzwoneczek z pier\u015bcieniem, kt\u00f3ra stymuluje zmys\u0142y i pomaga rozwija\u0107 ruchy precyzyjne dziecka<\/li>\n<li>Bogata, kontrastowa kolorystyka szczeg\u00f3lnie odpowiednia dla ma\u0142ych dzieci<\/li>\n<li>Posta\u0107 Christophera, stale u\u015bmiechni\u0119tego, ciekawego liska, kt\u00f3ry zosta\u0142 nazwany na cze\u015b\u0107 Krzysztofa Kolumba<\/li>\n<li>Zawieszka z kolekcji Le\u015bna Kraina! Dzieli z dzieckiem inspiruj\u0105ce momenty zaskoczenia<\/li>\n<\/ul>\n<p>&nbsp;<\/p>\n<p>Cechy:<\/p>\n<ul>\n<li>D\u017awi\u0119k dzwoneczka<\/li>\n<li>R\u00f3\u017cne zabawne, mi\u0119kkie tekstury<\/li>\n<li>Szeleszcz\u0105cy materia\u0142<\/li>\n<li>\u0141atwy do chwycenia pier\u015bcie\u0144<\/li>\n<\/ul>\n","protected":false},"excerpt":{"rendered":"<p>&nbsp; &nbsp; Zawieszka wydaj\u0105ca delikatne d\u017awi\u0119ki dzwoneczka &#8211; Lisek Christopher Urocza zawieszka dzwoneczek z pier\u015bcieniem, kt\u00f3ra stymuluje zmys\u0142y i pomaga rozwija\u0107 ruchy precyzyjne dziecka Bogata, kontrastowa<span class=\"excerpt-hellip\"> [\u2026]<\/span><\/p>\n","protected":false},"author":1,"featured_media":0,"parent":0,"menu_order":0,"comment_status":"closed","ping_status":"closed","template":"","meta":[],"_links":{"self":[{"href":"http:\/\/www.zabawki.gorlice.pl\/index.php\/wp-json\/wp\/v2\/pages\/872"}],"collection":[{"href":"http:\/\/www.zabawki.gorlice.pl\/index.php\/wp-json\/wp\/v2\/pages"}],"about":[{"href":"http:\/\/www.zabawki.gorlice.pl\/index.php\/wp-json\/wp\/v2\/types\/page"}],"author":[{"embeddable":true,"href":"http:\/\/www.zabawki.gorlice.pl\/index.php\/wp-json\/wp\/v2\/users\/1"}],"replies":[{"embeddable":true,"href":"http:\/\/www.zabawki.gorlice.pl\/index.php\/wp-json\/wp\/v2\/comments?post=872"}],"version-history":[{"count":1,"href":"http:\/\/www.zabawki.gorlice.pl\/index.php\/wp-json\/wp\/v2\/pages\/872\/revisions"}],"predecessor-version":[{"id":873,"href":"http:\/\/www.zabawki.gorlice.pl\/index.php\/wp-json\/wp\/v2\/pages\/872\/revisions\/873"}],"wp:attachment":[{"href":"http:\/\/www.zabawki.gorlice.pl\/index.php\/wp-json\/wp\/v2\/media?parent=872"}],"curies":[{"name":"wp","href":"https:\/\/api.w.org\/{rel}","templated":true}]}}