{"id":893,"date":"2018-07-04T14:36:35","date_gmt":"2018-07-04T12:36:35","guid":{"rendered":"http:\/\/www.zabawki.gorlice.pl\/?page_id=893"},"modified":"2018-07-04T14:36:35","modified_gmt":"2018-07-04T12:36:35","slug":"zawieszka-tiny-smarts-sarenka-florence","status":"publish","type":"page","link":"http:\/\/www.zabawki.gorlice.pl\/index.php\/zawieszka-tiny-smarts-sarenka-florence\/","title":{"rendered":"Zawieszka Tiny Smarts &#8211; Sarenka Florence"},"content":{"rendered":"<div class=\"content_slider \"><ul class=\"content_slider_ul\"><li class=\"content_slider_li_1\"><img width=\"580\" height=\"350\" src=\"http:\/\/www.zabawki.gorlice.pl\/wp-content\/uploads\/2018\/07\/zawie_sarenka_florence_1.jpg\" class=\"scale-with-grid wp-post-image\" alt=\"\" loading=\"lazy\" srcset=\"http:\/\/www.zabawki.gorlice.pl\/wp-content\/uploads\/2018\/07\/zawie_sarenka_florence_1.jpg 580w, http:\/\/www.zabawki.gorlice.pl\/wp-content\/uploads\/2018\/07\/zawie_sarenka_florence_1-300x181.jpg 300w, http:\/\/www.zabawki.gorlice.pl\/wp-content\/uploads\/2018\/07\/zawie_sarenka_florence_1-242x146.jpg 242w, http:\/\/www.zabawki.gorlice.pl\/wp-content\/uploads\/2018\/07\/zawie_sarenka_florence_1-50x30.jpg 50w, http:\/\/www.zabawki.gorlice.pl\/wp-content\/uploads\/2018\/07\/zawie_sarenka_florence_1-124x75.jpg 124w\" sizes=\"(max-width: 580px) 100vw, 580px\" \/><\/li><li class=\"content_slider_li_2\"><img width=\"580\" height=\"350\" src=\"http:\/\/www.zabawki.gorlice.pl\/wp-content\/uploads\/2018\/07\/zawie_sarenka_florence_2.jpg\" class=\"scale-with-grid wp-post-image\" alt=\"\" loading=\"lazy\" srcset=\"http:\/\/www.zabawki.gorlice.pl\/wp-content\/uploads\/2018\/07\/zawie_sarenka_florence_2.jpg 580w, http:\/\/www.zabawki.gorlice.pl\/wp-content\/uploads\/2018\/07\/zawie_sarenka_florence_2-300x181.jpg 300w, http:\/\/www.zabawki.gorlice.pl\/wp-content\/uploads\/2018\/07\/zawie_sarenka_florence_2-242x146.jpg 242w, http:\/\/www.zabawki.gorlice.pl\/wp-content\/uploads\/2018\/07\/zawie_sarenka_florence_2-50x30.jpg 50w, http:\/\/www.zabawki.gorlice.pl\/wp-content\/uploads\/2018\/07\/zawie_sarenka_florence_2-124x75.jpg 124w\" sizes=\"(max-width: 580px) 100vw, 580px\" \/><\/li><li class=\"content_slider_li_3\"><img width=\"580\" height=\"350\" src=\"http:\/\/www.zabawki.gorlice.pl\/wp-content\/uploads\/2018\/07\/zawie_sarenka_florence_3.jpg\" class=\"scale-with-grid wp-post-image\" alt=\"\" loading=\"lazy\" srcset=\"http:\/\/www.zabawki.gorlice.pl\/wp-content\/uploads\/2018\/07\/zawie_sarenka_florence_3.jpg 580w, http:\/\/www.zabawki.gorlice.pl\/wp-content\/uploads\/2018\/07\/zawie_sarenka_florence_3-300x181.jpg 300w, http:\/\/www.zabawki.gorlice.pl\/wp-content\/uploads\/2018\/07\/zawie_sarenka_florence_3-242x146.jpg 242w, http:\/\/www.zabawki.gorlice.pl\/wp-content\/uploads\/2018\/07\/zawie_sarenka_florence_3-50x30.jpg 50w, http:\/\/www.zabawki.gorlice.pl\/wp-content\/uploads\/2018\/07\/zawie_sarenka_florence_3-124x75.jpg 124w\" sizes=\"(max-width: 580px) 100vw, 580px\" \/><\/li><li class=\"content_slider_li_4\"><img width=\"580\" height=\"350\" src=\"http:\/\/www.zabawki.gorlice.pl\/wp-content\/uploads\/2018\/07\/zawie_sarenka_florence_4.jpg\" class=\"scale-with-grid wp-post-image\" alt=\"\" loading=\"lazy\" srcset=\"http:\/\/www.zabawki.gorlice.pl\/wp-content\/uploads\/2018\/07\/zawie_sarenka_florence_4.jpg 580w, http:\/\/www.zabawki.gorlice.pl\/wp-content\/uploads\/2018\/07\/zawie_sarenka_florence_4-300x181.jpg 300w, http:\/\/www.zabawki.gorlice.pl\/wp-content\/uploads\/2018\/07\/zawie_sarenka_florence_4-242x146.jpg 242w, http:\/\/www.zabawki.gorlice.pl\/wp-content\/uploads\/2018\/07\/zawie_sarenka_florence_4-50x30.jpg 50w, http:\/\/www.zabawki.gorlice.pl\/wp-content\/uploads\/2018\/07\/zawie_sarenka_florence_4-124x75.jpg 124w\" sizes=\"(max-width: 580px) 100vw, 580px\" \/><\/li><\/ul><div class=\"slider_pager slider_pagination\"><\/div><\/div>\n\n<p>&nbsp;<\/p>\n<p>&nbsp;<\/p>\n<p>Wielokolorowa urocza zawieszka &#8211; Sarenka Florence<\/p>\n<ul>\n<li>Urocza zawieszka z pier\u015bcieniem, kt\u00f3ra stymuluje zmys\u0142y i pomaga rozwija\u0107 ruchy precyzyjne dziecka<\/li>\n<li>Bogata, kontrastowa kolorystyka szczeg\u00f3lnie odpowiednia dla ma\u0142ych dzieci<\/li>\n<li>Zawieszka z kolekcji Le\u015bna Kraina<\/li>\n<\/ul>\n<p>Cechy:<\/p>\n<ul>\n<li>R\u00f3\u017cnorodno\u015b\u0107 kolorowych tekstur<\/li>\n<li>Grzechotka<\/li>\n<li>\u0141atwy do chwycenia gryzaczek<\/li>\n<li>Pier\u015bcie\u0144 dla \u0142atwego monta\u017cu<\/li>\n<\/ul>\n","protected":false},"excerpt":{"rendered":"<p>&nbsp; &nbsp; Wielokolorowa urocza zawieszka &#8211; Sarenka Florence Urocza zawieszka z pier\u015bcieniem, kt\u00f3ra stymuluje zmys\u0142y i pomaga rozwija\u0107 ruchy precyzyjne dziecka Bogata, kontrastowa kolorystyka szczeg\u00f3lnie odpowiednia<span class=\"excerpt-hellip\"> [\u2026]<\/span><\/p>\n","protected":false},"author":1,"featured_media":0,"parent":0,"menu_order":0,"comment_status":"closed","ping_status":"closed","template":"","meta":[],"_links":{"self":[{"href":"http:\/\/www.zabawki.gorlice.pl\/index.php\/wp-json\/wp\/v2\/pages\/893"}],"collection":[{"href":"http:\/\/www.zabawki.gorlice.pl\/index.php\/wp-json\/wp\/v2\/pages"}],"about":[{"href":"http:\/\/www.zabawki.gorlice.pl\/index.php\/wp-json\/wp\/v2\/types\/page"}],"author":[{"embeddable":true,"href":"http:\/\/www.zabawki.gorlice.pl\/index.php\/wp-json\/wp\/v2\/users\/1"}],"replies":[{"embeddable":true,"href":"http:\/\/www.zabawki.gorlice.pl\/index.php\/wp-json\/wp\/v2\/comments?post=893"}],"version-history":[{"count":1,"href":"http:\/\/www.zabawki.gorlice.pl\/index.php\/wp-json\/wp\/v2\/pages\/893\/revisions"}],"predecessor-version":[{"id":894,"href":"http:\/\/www.zabawki.gorlice.pl\/index.php\/wp-json\/wp\/v2\/pages\/893\/revisions\/894"}],"wp:attachment":[{"href":"http:\/\/www.zabawki.gorlice.pl\/index.php\/wp-json\/wp\/v2\/media?parent=893"}],"curies":[{"name":"wp","href":"https:\/\/api.w.org\/{rel}","templated":true}]}}